{"id":24088,"date":"2019-11-05T10:52:11","date_gmt":"2019-11-05T13:52:11","guid":{"rendered":"https:\/\/finastampadecor.com.br\/loja\/?post_type=product&#038;p=24088"},"modified":"2025-12-01T06:49:53","modified_gmt":"2025-12-01T09:49:53","slug":"courissimo-cor-marrom-escuro","status":"publish","type":"product","link":"https:\/\/finastampadecor.com.br\/loja\/produto\/courissimo-cor-marrom-escuro\/","title":{"rendered":"Courissimo Cor Marrom Escuro"},"content":{"rendered":"<div id=\"tab_description_tabbed_contents\" class=\"tab-content\">\n<p class=\"std\">Courissimo cor marrom escuro. Cole\u00e7\u00e3o sofisticada e principalmente moderna, em tons coloridos vibrantes e neutros, de excelente qualidade sendo altamente resistente portanto de f\u00e1cil manuten\u00e7\u00e3o, de textura macia, garantindo uma solu\u00e7\u00e3o vers\u00e1til e inteligente para seus estofados, indicado para sof\u00e1s, poltronas, cadeiras, puffs, cabeceiras de camas e afinal ate aplica\u00e7\u00e3o em paredes. Courissimo cor marrom escuro, renova o ambiente portanto trazendo um toque especial ao seu lar e certamente proporciona maior bem estar, conforto e aconchego aos moradores, em outras palavras mais alegria e beleza a sua decora\u00e7\u00e3o! Veja tamb\u00e9m em tecidos imperme\u00e1veis, v\u00e1rias combina\u00e7\u00f5es para esse couro ecol\u00f3gico sint\u00e9tico. Clique <a href=\"https:\/\/finastampadecor.com.br\/loja\/produto\/tecido-impermeavel-preto-folhagens-2\/\">AQUI<\/a>\u00a0e saiba mais!<\/p>\n<\/div>\n<h5><strong>FICHA T\u00c9CNICA<\/strong><\/h5>\n<div id=\"tab_additional_tabbed_contents\" class=\"tab-content\">\n<table id=\"product-attribute-specs-table\" class=\"data-table\">\n<colgroup>\n<col width=\"25%\" \/>\n<col \/><\/colgroup>\n<tbody>\n<tr class=\"first odd\">\n<th class=\"label\">PRODUTO<\/th>\n<td class=\"data last\">Couro Ecol\u00f3gico Sint\u00e9tico, venda por metro linear.<\/td>\n<\/tr>\n<tr class=\"even\">\n<th class=\"label\">MEDIDAS<\/th>\n<td class=\"data last\">1,40 mts de Largura.<\/td>\n<\/tr>\n<tr class=\"odd\">\n<th class=\"label\">COMPOSI\u00c7\u00c3O<\/th>\n<td class=\"data last\">50% Pu e 50\/% Poli\u00e9ster \u2013\u00a0 Forro manta 100% Poli\u00e9ster.<\/td>\n<\/tr>\n<tr class=\"even\">\n<th class=\"label\">COLE\u00c7\u00c3O<\/th>\n<td class=\"data last\">Couro Ecol\u00f3gico Sint\u00e9tico.<\/td>\n<\/tr>\n<tr class=\"odd\">\n<th class=\"label\">PESO<\/th>\n<td class=\"data last\">\u00a00,300gramas por metro linear, espessura 1,00mm<\/td>\n<\/tr>\n<tr class=\"even\">\n<th class=\"label\">PA\u00cdS FABRICANTE<\/th>\n<td class=\"data last\">Brasil.<\/td>\n<\/tr>\n<tr class=\"odd\">\n<th class=\"label\">AMBIENTE<\/th>\n<td class=\"data last\">Sof\u00e1s, cadeiras, poltronas, puffs, cabeceiras de camas, revestimentos de moveis e aplica\u00e7\u00e3o em paredes.<\/td>\n<\/tr>\n<tr class=\"even\">\n<th class=\"label\">\u00a0TEMA<\/th>\n<td class=\"data last\">Liso.<\/td>\n<\/tr>\n<tr class=\"even\">\n<th class=\"label\">CORES<\/th>\n<td class=\"data last\">Marrom escuro.<\/td>\n<\/tr>\n<tr class=\"odd\">\n<th class=\"label\">SUPERF\u00cdCIE<\/th>\n<td class=\"data last\">Textura.<\/td>\n<\/tr>\n<tr class=\"odd\">\n<th class=\"label\">ATEN\u00c7\u00c3O<\/th>\n<td class=\"data last\">\u00a0Os tons das cores das estampas, poder\u00e3o variar em at\u00e9 5% contudo dentro da toler\u00e2ncia para mais ou para menos, porque depende do grau de luminosidade da tela do seu computador ou celular.<\/td>\n<\/tr>\n<tr class=\"even\">\n<th class=\"label\">APROVEITAMENTO<\/th>\n<td class=\"data last\">\u00a0 Total.<\/td>\n<\/tr>\n<tr class=\"odd\">\n<th class=\"label\">\u00a0BENEF\u00cdCIOS<\/th>\n<td class=\"data last\">Couro ecol\u00f3gico sint\u00e9tico com prote\u00e7\u00e3o porque \u00e9 altamente resistente e de longa durabilidade, antial\u00e9rgico e n\u00e3o Toxico, indicado para ambientes internos como sof\u00e1s, poltronas, cadeiras, puffs, revestimento de moveis, coloca\u00e7\u00e3o em paredes e cabeceiras de camas, al\u00e9m disso couro ecol\u00f3gico sint\u00e9tico renova e alegra o ambiente, tornando o espa\u00e7o descontra\u00eddo e divertido proporcionando aconchego e beleza a sua decora\u00e7\u00e3o.<\/td>\n<\/tr>\n<tr class=\"last even\">\n<th class=\"label\">PRECAU\u00c7\u00d5ES<\/th>\n<td class=\"data last\">Manter o produto limpo, livre de substancias oleosas, arenosas ou qu\u00edmicas como ( maquiagens, lo\u00e7\u00f5es, repelentes, tintas e terra), e o mais importante limpar com pano \u00famido e sab\u00e3o neutro, sempre deixar seco, n\u00e3o usar produtos qu\u00edmicos, n\u00e3o manusear objetos cortantes em torno do produto, n\u00e3o lavar a maquina porque danifica, n\u00e3o colocar alvejante, n\u00e3o passar a ferro, n\u00e3o nos responsabilizamos por manuten\u00e7\u00e3o fora das especifica\u00e7\u00f5es. Garantia apenas por defeito de fabrica\u00e7\u00e3o.<\/td>\n<\/tr>\n<\/tbody>\n<\/table>\n<\/div>\n<p>&nbsp;<\/p>\n","protected":false},"excerpt":{"rendered":"<p>METRO LINEAR<\/p>\n","protected":false},"featured_media":23878,"comment_status":"closed","ping_status":"closed","template":"","meta":{"ocean_post_layout":"","ocean_both_sidebars_style":"","ocean_both_sidebars_content_width":0,"ocean_both_sidebars_sidebars_width":0,"ocean_sidebar":"0","ocean_second_sidebar":"0","ocean_disable_margins":"enable","ocean_add_body_class":"","ocean_shortcode_before_top_bar":"","ocean_shortcode_after_top_bar":"","ocean_shortcode_before_header":"","ocean_shortcode_after_header":"","ocean_has_shortcode":"","ocean_shortcode_after_title":"","ocean_shortcode_before_footer_widgets":"","ocean_shortcode_after_footer_widgets":"","ocean_shortcode_before_footer_bottom":"","ocean_shortcode_after_footer_bottom":"","ocean_display_top_bar":"default","ocean_display_header":"default","ocean_header_style":"","ocean_center_header_left_menu":"0","ocean_custom_header_template":"0","ocean_custom_logo":0,"ocean_custom_retina_logo":0,"ocean_custom_logo_max_width":0,"ocean_custom_logo_tablet_max_width":0,"ocean_custom_logo_mobile_max_width":0,"ocean_custom_logo_max_height":0,"ocean_custom_logo_tablet_max_height":0,"ocean_custom_logo_mobile_max_height":0,"ocean_header_custom_menu":"0","ocean_menu_typo_font_family":"0","ocean_menu_typo_font_subset":"","ocean_menu_typo_font_size":0,"ocean_menu_typo_font_size_tablet":0,"ocean_menu_typo_font_size_mobile":0,"ocean_menu_typo_font_size_unit":"px","ocean_menu_typo_font_weight":"","ocean_menu_typo_font_weight_tablet":"","ocean_menu_typo_font_weight_mobile":"","ocean_menu_typo_transform":"","ocean_menu_typo_transform_tablet":"","ocean_menu_typo_transform_mobile":"","ocean_menu_typo_line_height":0,"ocean_menu_typo_line_height_tablet":0,"ocean_menu_typo_line_height_mobile":0,"ocean_menu_typo_line_height_unit":"","ocean_menu_typo_spacing":0,"ocean_menu_typo_spacing_tablet":0,"ocean_menu_typo_spacing_mobile":0,"ocean_menu_typo_spacing_unit":"","ocean_menu_link_color":"","ocean_menu_link_color_hover":"","ocean_menu_link_color_active":"","ocean_menu_link_background":"","ocean_menu_link_hover_background":"","ocean_menu_link_active_background":"","ocean_menu_social_links_bg":"","ocean_menu_social_hover_links_bg":"","ocean_menu_social_links_color":"","ocean_menu_social_hover_links_color":"","ocean_disable_title":"default","ocean_disable_heading":"default","ocean_post_title":"","ocean_post_subheading":"","ocean_post_title_style":"","ocean_post_title_background_color":"","ocean_post_title_background":0,"ocean_post_title_bg_image_position":"","ocean_post_title_bg_image_attachment":"","ocean_post_title_bg_image_repeat":"","ocean_post_title_bg_image_size":"","ocean_post_title_height":0,"ocean_post_title_bg_overlay":0.5,"ocean_post_title_bg_overlay_color":"","ocean_disable_breadcrumbs":"default","ocean_breadcrumbs_color":"","ocean_breadcrumbs_separator_color":"","ocean_breadcrumbs_links_color":"","ocean_breadcrumbs_links_hover_color":"","ocean_display_footer_widgets":"default","ocean_display_footer_bottom":"default","ocean_custom_footer_template":"0"},"product_brand":[],"product_cat":[214],"product_tag":[],"class_list":{"0":"post-24088","1":"product","2":"type-product","3":"status-publish","4":"has-post-thumbnail","6":"product_cat-courissimo","8":"entry","9":"has-media","11":"first","12":"instock","13":"shipping-taxable","14":"purchasable","15":"product-type-simple","16":"has-product-nav","17":"col","18":"span_1_of_3","19":"owp-content-center","20":"owp-thumbs-layout-horizontal","21":"owp-btn-big","22":"owp-tabs-layout-section","23":"has-no-thumbnails"},"yoast_head":"<!-- This site is optimized with the Yoast SEO plugin v27.4 - https:\/\/yoast.com\/product\/yoast-seo-wordpress\/ -->\n<title>Courissimo Cor Marrom Escuro - Fina Stampa Decor<\/title>\n<meta name=\"description\" content=\"Courissimo cor marrom escuro, cole\u00e7\u00e3o sofisticada moderna e colorida, textura muito macia, com 1,40 mts de largura, mais conforto e beleza a decora\u00e7\u00e3o.\" \/>\n<meta name=\"robots\" content=\"index, follow, max-snippet:-1, max-image-preview:large, max-video-preview:-1\" \/>\n<link rel=\"canonical\" href=\"https:\/\/finastampadecor.com.br\/loja\/produto\/courissimo-cor-marrom-escuro\/\" \/>\n<meta property=\"og:locale\" content=\"pt_BR\" \/>\n<meta property=\"og:type\" content=\"article\" \/>\n<meta property=\"og:title\" content=\"Courissimo Cor Marrom Escuro - Fina Stampa Decor\" \/>\n<meta property=\"og:description\" content=\"Courissimo cor marrom escuro, cole\u00e7\u00e3o sofisticada moderna e colorida, textura muito macia, com 1,40 mts de largura, mais conforto e beleza a decora\u00e7\u00e3o.\" \/>\n<meta property=\"og:url\" content=\"https:\/\/finastampadecor.com.br\/loja\/produto\/courissimo-cor-marrom-escuro\/\" \/>\n<meta property=\"og:site_name\" content=\"Fina Stampa Decor\" \/>\n<meta property=\"article:publisher\" content=\"https:\/\/www.facebook.com\/finastampadecoracao\/\" \/>\n<meta property=\"article:modified_time\" content=\"2025-12-01T09:49:53+00:00\" \/>\n<meta property=\"og:image\" content=\"https:\/\/finastampadecor.com.br\/loja\/wp-content\/uploads\/2019\/10\/BRESCIA-17-3.png?v=1573141801\" \/>\n\t<meta property=\"og:image:width\" content=\"1000\" \/>\n\t<meta property=\"og:image:height\" content=\"1000\" \/>\n\t<meta property=\"og:image:type\" content=\"image\/png\" \/>\n<meta name=\"twitter:card\" content=\"summary_large_image\" \/>\n<meta name=\"twitter:label1\" content=\"Est. tempo de leitura\" \/>\n\t<meta name=\"twitter:data1\" content=\"3 minutos\" \/>\n<script type=\"application\/ld+json\" class=\"yoast-schema-graph\">{\"@context\":\"https:\\\/\\\/schema.org\",\"@graph\":[{\"@type\":\"WebPage\",\"@id\":\"https:\\\/\\\/finastampadecor.com.br\\\/loja\\\/produto\\\/courissimo-cor-marrom-escuro\\\/\",\"url\":\"https:\\\/\\\/finastampadecor.com.br\\\/loja\\\/produto\\\/courissimo-cor-marrom-escuro\\\/\",\"name\":\"Courissimo Cor Marrom Escuro - Fina Stampa Decor\",\"isPartOf\":{\"@id\":\"https:\\\/\\\/finastampadecor.com.br\\\/loja\\\/#website\"},\"primaryImageOfPage\":{\"@id\":\"https:\\\/\\\/finastampadecor.com.br\\\/loja\\\/produto\\\/courissimo-cor-marrom-escuro\\\/#primaryimage\"},\"image\":{\"@id\":\"https:\\\/\\\/finastampadecor.com.br\\\/loja\\\/produto\\\/courissimo-cor-marrom-escuro\\\/#primaryimage\"},\"thumbnailUrl\":\"https:\\\/\\\/finastampadecor.com.br\\\/loja\\\/wp-content\\\/uploads\\\/2019\\\/10\\\/BRESCIA-17-3.png?v=1573141801\",\"datePublished\":\"2019-11-05T13:52:11+00:00\",\"dateModified\":\"2025-12-01T09:49:53+00:00\",\"description\":\"Courissimo cor marrom escuro, cole\u00e7\u00e3o sofisticada moderna e colorida, textura muito macia, com 1,40 mts de largura, mais conforto e beleza a decora\u00e7\u00e3o.\",\"breadcrumb\":{\"@id\":\"https:\\\/\\\/finastampadecor.com.br\\\/loja\\\/produto\\\/courissimo-cor-marrom-escuro\\\/#breadcrumb\"},\"inLanguage\":\"pt-BR\",\"potentialAction\":[{\"@type\":\"ReadAction\",\"target\":[\"https:\\\/\\\/finastampadecor.com.br\\\/loja\\\/produto\\\/courissimo-cor-marrom-escuro\\\/\"]}]},{\"@type\":\"ImageObject\",\"inLanguage\":\"pt-BR\",\"@id\":\"https:\\\/\\\/finastampadecor.com.br\\\/loja\\\/produto\\\/courissimo-cor-marrom-escuro\\\/#primaryimage\",\"url\":\"https:\\\/\\\/finastampadecor.com.br\\\/loja\\\/wp-content\\\/uploads\\\/2019\\\/10\\\/BRESCIA-17-3.png?v=1573141801\",\"contentUrl\":\"https:\\\/\\\/finastampadecor.com.br\\\/loja\\\/wp-content\\\/uploads\\\/2019\\\/10\\\/BRESCIA-17-3.png?v=1573141801\",\"width\":1000,\"height\":1000,\"caption\":\"courissimo cor marrom escuro\"},{\"@type\":\"BreadcrumbList\",\"@id\":\"https:\\\/\\\/finastampadecor.com.br\\\/loja\\\/produto\\\/courissimo-cor-marrom-escuro\\\/#breadcrumb\",\"itemListElement\":[{\"@type\":\"ListItem\",\"position\":1,\"name\":\"In\u00edcio\",\"item\":\"https:\\\/\\\/finastampadecor.com.br\\\/loja\\\/\"},{\"@type\":\"ListItem\",\"position\":2,\"name\":\"Todos os produtos\",\"item\":\"https:\\\/\\\/finastampadecor.com.br\\\/loja\\\/todos-os-produtos\\\/\"},{\"@type\":\"ListItem\",\"position\":3,\"name\":\"Courissimo Cor Marrom Escuro\"}]},{\"@type\":\"WebSite\",\"@id\":\"https:\\\/\\\/finastampadecor.com.br\\\/loja\\\/#website\",\"url\":\"https:\\\/\\\/finastampadecor.com.br\\\/loja\\\/\",\"name\":\"Fina Stampa Decor\",\"description\":\"Loja Virtual\",\"publisher\":{\"@id\":\"https:\\\/\\\/finastampadecor.com.br\\\/loja\\\/#organization\"},\"potentialAction\":[{\"@type\":\"SearchAction\",\"target\":{\"@type\":\"EntryPoint\",\"urlTemplate\":\"https:\\\/\\\/finastampadecor.com.br\\\/loja\\\/?s={search_term_string}\"},\"query-input\":{\"@type\":\"PropertyValueSpecification\",\"valueRequired\":true,\"valueName\":\"search_term_string\"}}],\"inLanguage\":\"pt-BR\"},{\"@type\":\"Organization\",\"@id\":\"https:\\\/\\\/finastampadecor.com.br\\\/loja\\\/#organization\",\"name\":\"Fina Stampa Decor\",\"url\":\"https:\\\/\\\/finastampadecor.com.br\\\/loja\\\/\",\"logo\":{\"@type\":\"ImageObject\",\"inLanguage\":\"pt-BR\",\"@id\":\"https:\\\/\\\/finastampadecor.com.br\\\/loja\\\/#\\\/schema\\\/logo\\\/image\\\/\",\"url\":\"https:\\\/\\\/finastampadecor.com.br\\\/loja\\\/wp-content\\\/uploads\\\/2024\\\/08\\\/cropped-FinaStampa-1.png\",\"contentUrl\":\"https:\\\/\\\/finastampadecor.com.br\\\/loja\\\/wp-content\\\/uploads\\\/2024\\\/08\\\/cropped-FinaStampa-1.png\",\"width\":788,\"height\":216,\"caption\":\"Fina Stampa Decor\"},\"image\":{\"@id\":\"https:\\\/\\\/finastampadecor.com.br\\\/loja\\\/#\\\/schema\\\/logo\\\/image\\\/\"},\"sameAs\":[\"https:\\\/\\\/www.facebook.com\\\/finastampadecoracao\\\/\"]}]}<\/script>\n<!-- \/ Yoast SEO plugin. -->","yoast_head_json":{"title":"Courissimo Cor Marrom Escuro - Fina Stampa Decor","description":"Courissimo cor marrom escuro, cole\u00e7\u00e3o sofisticada moderna e colorida, textura muito macia, com 1,40 mts de largura, mais conforto e beleza a decora\u00e7\u00e3o.","robots":{"index":"index","follow":"follow","max-snippet":"max-snippet:-1","max-image-preview":"max-image-preview:large","max-video-preview":"max-video-preview:-1"},"canonical":"https:\/\/finastampadecor.com.br\/loja\/produto\/courissimo-cor-marrom-escuro\/","og_locale":"pt_BR","og_type":"article","og_title":"Courissimo Cor Marrom Escuro - Fina Stampa Decor","og_description":"Courissimo cor marrom escuro, cole\u00e7\u00e3o sofisticada moderna e colorida, textura muito macia, com 1,40 mts de largura, mais conforto e beleza a decora\u00e7\u00e3o.","og_url":"https:\/\/finastampadecor.com.br\/loja\/produto\/courissimo-cor-marrom-escuro\/","og_site_name":"Fina Stampa Decor","article_publisher":"https:\/\/www.facebook.com\/finastampadecoracao\/","article_modified_time":"2025-12-01T09:49:53+00:00","og_image":[{"width":1000,"height":1000,"url":"https:\/\/finastampadecor.com.br\/loja\/wp-content\/uploads\/2019\/10\/BRESCIA-17-3.png?v=1573141801","type":"image\/png"}],"twitter_card":"summary_large_image","twitter_misc":{"Est. tempo de leitura":"3 minutos"},"schema":{"@context":"https:\/\/schema.org","@graph":[{"@type":"WebPage","@id":"https:\/\/finastampadecor.com.br\/loja\/produto\/courissimo-cor-marrom-escuro\/","url":"https:\/\/finastampadecor.com.br\/loja\/produto\/courissimo-cor-marrom-escuro\/","name":"Courissimo Cor Marrom Escuro - Fina Stampa Decor","isPartOf":{"@id":"https:\/\/finastampadecor.com.br\/loja\/#website"},"primaryImageOfPage":{"@id":"https:\/\/finastampadecor.com.br\/loja\/produto\/courissimo-cor-marrom-escuro\/#primaryimage"},"image":{"@id":"https:\/\/finastampadecor.com.br\/loja\/produto\/courissimo-cor-marrom-escuro\/#primaryimage"},"thumbnailUrl":"https:\/\/finastampadecor.com.br\/loja\/wp-content\/uploads\/2019\/10\/BRESCIA-17-3.png?v=1573141801","datePublished":"2019-11-05T13:52:11+00:00","dateModified":"2025-12-01T09:49:53+00:00","description":"Courissimo cor marrom escuro, cole\u00e7\u00e3o sofisticada moderna e colorida, textura muito macia, com 1,40 mts de largura, mais conforto e beleza a decora\u00e7\u00e3o.","breadcrumb":{"@id":"https:\/\/finastampadecor.com.br\/loja\/produto\/courissimo-cor-marrom-escuro\/#breadcrumb"},"inLanguage":"pt-BR","potentialAction":[{"@type":"ReadAction","target":["https:\/\/finastampadecor.com.br\/loja\/produto\/courissimo-cor-marrom-escuro\/"]}]},{"@type":"ImageObject","inLanguage":"pt-BR","@id":"https:\/\/finastampadecor.com.br\/loja\/produto\/courissimo-cor-marrom-escuro\/#primaryimage","url":"https:\/\/finastampadecor.com.br\/loja\/wp-content\/uploads\/2019\/10\/BRESCIA-17-3.png?v=1573141801","contentUrl":"https:\/\/finastampadecor.com.br\/loja\/wp-content\/uploads\/2019\/10\/BRESCIA-17-3.png?v=1573141801","width":1000,"height":1000,"caption":"courissimo cor marrom escuro"},{"@type":"BreadcrumbList","@id":"https:\/\/finastampadecor.com.br\/loja\/produto\/courissimo-cor-marrom-escuro\/#breadcrumb","itemListElement":[{"@type":"ListItem","position":1,"name":"In\u00edcio","item":"https:\/\/finastampadecor.com.br\/loja\/"},{"@type":"ListItem","position":2,"name":"Todos os produtos","item":"https:\/\/finastampadecor.com.br\/loja\/todos-os-produtos\/"},{"@type":"ListItem","position":3,"name":"Courissimo Cor Marrom Escuro"}]},{"@type":"WebSite","@id":"https:\/\/finastampadecor.com.br\/loja\/#website","url":"https:\/\/finastampadecor.com.br\/loja\/","name":"Fina Stampa Decor","description":"Loja Virtual","publisher":{"@id":"https:\/\/finastampadecor.com.br\/loja\/#organization"},"potentialAction":[{"@type":"SearchAction","target":{"@type":"EntryPoint","urlTemplate":"https:\/\/finastampadecor.com.br\/loja\/?s={search_term_string}"},"query-input":{"@type":"PropertyValueSpecification","valueRequired":true,"valueName":"search_term_string"}}],"inLanguage":"pt-BR"},{"@type":"Organization","@id":"https:\/\/finastampadecor.com.br\/loja\/#organization","name":"Fina Stampa Decor","url":"https:\/\/finastampadecor.com.br\/loja\/","logo":{"@type":"ImageObject","inLanguage":"pt-BR","@id":"https:\/\/finastampadecor.com.br\/loja\/#\/schema\/logo\/image\/","url":"https:\/\/finastampadecor.com.br\/loja\/wp-content\/uploads\/2024\/08\/cropped-FinaStampa-1.png","contentUrl":"https:\/\/finastampadecor.com.br\/loja\/wp-content\/uploads\/2024\/08\/cropped-FinaStampa-1.png","width":788,"height":216,"caption":"Fina Stampa Decor"},"image":{"@id":"https:\/\/finastampadecor.com.br\/loja\/#\/schema\/logo\/image\/"},"sameAs":["https:\/\/www.facebook.com\/finastampadecoracao\/"]}]}},"_links":{"self":[{"href":"https:\/\/finastampadecor.com.br\/loja\/wp-json\/wp\/v2\/product\/24088","targetHints":{"allow":["GET"]}}],"collection":[{"href":"https:\/\/finastampadecor.com.br\/loja\/wp-json\/wp\/v2\/product"}],"about":[{"href":"https:\/\/finastampadecor.com.br\/loja\/wp-json\/wp\/v2\/types\/product"}],"replies":[{"embeddable":true,"href":"https:\/\/finastampadecor.com.br\/loja\/wp-json\/wp\/v2\/comments?post=24088"}],"wp:featuredmedia":[{"embeddable":true,"href":"https:\/\/finastampadecor.com.br\/loja\/wp-json\/wp\/v2\/media\/23878"}],"wp:attachment":[{"href":"https:\/\/finastampadecor.com.br\/loja\/wp-json\/wp\/v2\/media?parent=24088"}],"wp:term":[{"taxonomy":"product_brand","embeddable":true,"href":"https:\/\/finastampadecor.com.br\/loja\/wp-json\/wp\/v2\/product_brand?post=24088"},{"taxonomy":"product_cat","embeddable":true,"href":"https:\/\/finastampadecor.com.br\/loja\/wp-json\/wp\/v2\/product_cat?post=24088"},{"taxonomy":"product_tag","embeddable":true,"href":"https:\/\/finastampadecor.com.br\/loja\/wp-json\/wp\/v2\/product_tag?post=24088"}],"curies":[{"name":"wp","href":"https:\/\/api.w.org\/{rel}","templated":true}]}}