{"id":4083,"date":"2017-04-17T17:27:53","date_gmt":"2017-04-17T20:27:53","guid":{"rendered":"https:\/\/finastampadecor.com.br\/loja\/?post_type=product&#038;p=4083"},"modified":"2025-06-20T09:25:46","modified_gmt":"2025-06-20T12:25:46","slug":"papel-de-parede-textura-marrom","status":"publish","type":"product","link":"https:\/\/finastampadecor.com.br\/loja\/produto\/papel-de-parede-textura-marrom\/","title":{"rendered":"Papel de Parede Textura Marrom"},"content":{"rendered":"<p>&nbsp;<\/p>\n<div id=\"tab_description_tabbed_contents\" class=\"tab-content\">\n<div class=\"std\"><b>Papel de Parede textura marrom. Cole\u00e7\u00e3o DDD italiana moderna e cl\u00e1ssica em tons neutros e coloridos, belissimas estampas em 3D, temas variados em florais estilizados, riscados, abstratos, efeito texturas, geom\u00e9tricos e lisos. Papel de parede textura marrom, importado altamente resistente em vin\u00edlico lav\u00e1vel de f\u00e1cil limpeza, indicado para todos ambientes. Papel de parede proporciona maior amplitude ao espa\u00e7o onde \u00e9 aplicado, oferecendo um toque especial aos ambientes, proporcionando assim maior bem estar, mais aconchego e beleza a decora\u00e7\u00e3o. Veja tamb\u00e9m em tecidos estampados, v\u00e1rios composes para papel de parede. Clique<\/b> <a href=\"https:\/\/finastampadecor.com.br\/loja\/produto\/tecido-impermeavel-cor-fendi\/\">AQUI<\/a><b>\u00a0e saiba mais!<\/b><\/div>\n<\/div>\n<h5><strong>FICHA T\u00c9CNICA<\/strong><\/h5>\n<div id=\"tab_additional_tabbed_contents\" class=\"tab-content\">\n<table id=\"product-attribute-specs-table\" class=\"data-table\">\n<colgroup>\n<col width=\"25%\" \/>\n<col \/><\/colgroup>\n<tbody>\n<tr class=\"first odd\">\n<th class=\"label\">IMPORTANTE<\/th>\n<td class=\"data last\">Decora\u00e7\u00e3o de Interiores<\/td>\n<\/tr>\n<tr class=\"even\">\n<th class=\"label\">TIPO<\/th>\n<td class=\"data last\">Papel de Parede<\/td>\n<\/tr>\n<tr class=\"odd\">\n<th class=\"label\">COLA<\/th>\n<td class=\"data last\">Em p\u00f3<\/td>\n<\/tr>\n<tr class=\"even\">\n<th class=\"label\">COLE\u00c7\u00c3O<\/th>\n<td class=\"data last\">D.D.D<\/td>\n<\/tr>\n<tr class=\"odd\">\n<th class=\"label\">MATERIAL<\/th>\n<td class=\"data last\">Vin\u00edlico- Lav\u00e1vel<\/td>\n<\/tr>\n<tr class=\"even\">\n<th class=\"label\">PA\u00cdS FABRICANTE<\/th>\n<td class=\"data last\">It\u00e1lia<\/td>\n<\/tr>\n<tr class=\"odd\">\n<th class=\"label\">AMBIENTE<\/th>\n<td class=\"data last\">Escrit\u00f3rios, Hall de entrada, Lavabos, Living, Lojas, Quartos , Quarto de Casal e hospede, Salas, Salas de Jantar, Escrit\u00f3rios e Consult\u00f3rios.<\/td>\n<\/tr>\n<tr class=\"even\">\n<th class=\"label\">\u00a0TEMA<\/th>\n<td class=\"data last\">Efeito textura<\/td>\n<\/tr>\n<tr class=\"odd\">\n<th class=\"label\">COR PREDOMINANTE<\/th>\n<td class=\"data last\">Marrom<\/td>\n<\/tr>\n<tr class=\"even\">\n<th class=\"label\">CORES<\/th>\n<td class=\"data last\">Marrom<\/td>\n<\/tr>\n<tr class=\"odd\">\n<th class=\"label\">SUPERFICIE<\/th>\n<td class=\"data last\">Lisa<\/td>\n<\/tr>\n<tr class=\"even\">\n<th class=\"label\">MEDIDAS<\/th>\n<td class=\"data last\">10,0 MtsX0,53 Cm<\/td>\n<\/tr>\n<tr class=\"odd\">\n<th class=\"label\">APROVEITAMENTO<\/th>\n<td class=\"data last\">\u00a0 4,5\u00b2<\/td>\n<\/tr>\n<tr class=\"even\">\n<th class=\"label\">ATEN\u00c7\u00c3O<\/th>\n<td class=\"data last\">Os tons da cor da estampa poder\u00e3o variar em at\u00e9 5%\u00a0 dentro da toler\u00e2ncia para mais ou para menos, dependendo do grau de luminosidade da tela do computador ou celular.<\/td>\n<\/tr>\n<tr class=\"odd\">\n<th class=\"label\">\u00a0BENEF\u00cdCIOS<\/th>\n<td class=\"data last\">Aplica\u00e7\u00e3o e remo\u00e7\u00e3o f\u00e1cil\u00a0 n\u00e3o danifica a parede,\u00a0 n\u00e3o exige m\u00e3o-de-obra especializada, mas tendo \u00e9 melhor pois necessita de mais de cuidado na aplica\u00e7\u00e3o no momento de casar as emendas, para obter um acabamento preciso e perfeito. Antial\u00e9rgico e n\u00e3o Toxico, cola a base de \u00e1gua n\u00e3o deixa odores.<\/td>\n<\/tr>\n<tr class=\"last even\">\n<th class=\"label\">PRECAU\u00c7\u00d5ES<\/th>\n<td class=\"data last\">Para instala\u00e7\u00e3o necessita de superf\u00edcie lisa, sem umidade, rachaduras ou poeira. Guardar sempre as etiquetas com os n\u00fameros de series e c\u00f3digo do lote, para reposi\u00e7\u00e3o sera \u00fatil, as cores variam de um lote para outro por isso a import\u00e2ncia da etiqueta, caso precise de mais rolos para completar seu ambiente. Nos pap\u00e9is vin\u00edlicos(emborrachados) limpeza com pano \u00famido os vinilizados s\u00e3o mais delicados aceitam somente limpeza a seco.<\/td>\n<\/tr>\n<\/tbody>\n<\/table>\n<\/div>\n","protected":false},"excerpt":{"rendered":"<p>ROLO<\/p>\n<p>MEDIDA 10.0MTSX0,53CM<\/p>\n<p>&nbsp;<\/p>\n","protected":false},"featured_media":17558,"comment_status":"closed","ping_status":"closed","template":"","meta":{"ocean_post_layout":"","ocean_both_sidebars_style":"","ocean_both_sidebars_content_width":0,"ocean_both_sidebars_sidebars_width":0,"ocean_sidebar":"0","ocean_second_sidebar":"0","ocean_disable_margins":"enable","ocean_add_body_class":"","ocean_shortcode_before_top_bar":"","ocean_shortcode_after_top_bar":"","ocean_shortcode_before_header":"","ocean_shortcode_after_header":"","ocean_has_shortcode":"","ocean_shortcode_after_title":"","ocean_shortcode_before_footer_widgets":"","ocean_shortcode_after_footer_widgets":"","ocean_shortcode_before_footer_bottom":"","ocean_shortcode_after_footer_bottom":"","ocean_display_top_bar":"default","ocean_display_header":"default","ocean_header_style":"","ocean_center_header_left_menu":"0","ocean_custom_header_template":"0","ocean_custom_logo":0,"ocean_custom_retina_logo":0,"ocean_custom_logo_max_width":0,"ocean_custom_logo_tablet_max_width":0,"ocean_custom_logo_mobile_max_width":0,"ocean_custom_logo_max_height":0,"ocean_custom_logo_tablet_max_height":0,"ocean_custom_logo_mobile_max_height":0,"ocean_header_custom_menu":"0","ocean_menu_typo_font_family":"0","ocean_menu_typo_font_subset":"","ocean_menu_typo_font_size":0,"ocean_menu_typo_font_size_tablet":0,"ocean_menu_typo_font_size_mobile":0,"ocean_menu_typo_font_size_unit":"px","ocean_menu_typo_font_weight":"","ocean_menu_typo_font_weight_tablet":"","ocean_menu_typo_font_weight_mobile":"","ocean_menu_typo_transform":"","ocean_menu_typo_transform_tablet":"","ocean_menu_typo_transform_mobile":"","ocean_menu_typo_line_height":0,"ocean_menu_typo_line_height_tablet":0,"ocean_menu_typo_line_height_mobile":0,"ocean_menu_typo_line_height_unit":"","ocean_menu_typo_spacing":0,"ocean_menu_typo_spacing_tablet":0,"ocean_menu_typo_spacing_mobile":0,"ocean_menu_typo_spacing_unit":"","ocean_menu_link_color":"","ocean_menu_link_color_hover":"","ocean_menu_link_color_active":"","ocean_menu_link_background":"","ocean_menu_link_hover_background":"","ocean_menu_link_active_background":"","ocean_menu_social_links_bg":"","ocean_menu_social_hover_links_bg":"","ocean_menu_social_links_color":"","ocean_menu_social_hover_links_color":"","ocean_disable_title":"default","ocean_disable_heading":"default","ocean_post_title":"","ocean_post_subheading":"","ocean_post_title_style":"","ocean_post_title_background_color":"","ocean_post_title_background":0,"ocean_post_title_bg_image_position":"","ocean_post_title_bg_image_attachment":"","ocean_post_title_bg_image_repeat":"","ocean_post_title_bg_image_size":"","ocean_post_title_height":0,"ocean_post_title_bg_overlay":0.5,"ocean_post_title_bg_overlay_color":"","ocean_disable_breadcrumbs":"default","ocean_breadcrumbs_color":"","ocean_breadcrumbs_separator_color":"","ocean_breadcrumbs_links_color":"","ocean_breadcrumbs_links_hover_color":"","ocean_display_footer_widgets":"default","ocean_display_footer_bottom":"default","ocean_custom_footer_template":"0"},"product_brand":[],"product_cat":[90,25],"product_tag":[],"class_list":{"0":"post-4083","1":"product","2":"type-product","3":"status-publish","4":"has-post-thumbnail","6":"product_cat-d-d-d-papel-de-parede","7":"product_cat-papel-de-parede","9":"entry","10":"has-media","12":"first","13":"instock","14":"shipping-taxable","15":"purchasable","16":"product-type-simple","17":"has-product-nav","18":"col","19":"span_1_of_3","20":"owp-content-center","21":"owp-thumbs-layout-horizontal","22":"owp-btn-big","23":"owp-tabs-layout-section","24":"has-no-thumbnails"},"yoast_head":"<!-- This site is optimized with the Yoast SEO plugin v27.4 - https:\/\/yoast.com\/product\/yoast-seo-wordpress\/ -->\n<title>Papel de Parede Textura Marrom - Fina Stampa Decor<\/title>\n<meta name=\"description\" content=\"Papel de parede textura marrom, cole\u00e7\u00e3o italiana 3D moderna e colorida, v\u00e1rias estampas em vin\u00edlico lav\u00e1vel, proporciona aconchego e beleza a decora\u00e7\u00e3o.\" \/>\n<meta name=\"robots\" content=\"index, follow, max-snippet:-1, max-image-preview:large, max-video-preview:-1\" \/>\n<link rel=\"canonical\" href=\"https:\/\/finastampadecor.com.br\/loja\/produto\/papel-de-parede-textura-marrom\/\" \/>\n<meta property=\"og:locale\" content=\"pt_BR\" \/>\n<meta property=\"og:type\" content=\"article\" \/>\n<meta property=\"og:title\" content=\"Papel de Parede Textura Marrom - Fina Stampa Decor\" \/>\n<meta property=\"og:description\" content=\"Papel de parede textura marrom, cole\u00e7\u00e3o italiana 3D moderna e colorida, v\u00e1rias estampas em vin\u00edlico lav\u00e1vel, proporciona aconchego e beleza a decora\u00e7\u00e3o.\" \/>\n<meta property=\"og:url\" content=\"https:\/\/finastampadecor.com.br\/loja\/produto\/papel-de-parede-textura-marrom\/\" \/>\n<meta property=\"og:site_name\" content=\"Fina Stampa Decor\" \/>\n<meta property=\"article:publisher\" content=\"https:\/\/www.facebook.com\/finastampadecoracao\/\" \/>\n<meta property=\"article:modified_time\" content=\"2025-06-20T12:25:46+00:00\" \/>\n<meta property=\"og:image\" content=\"https:\/\/finastampadecor.com.br\/loja\/wp-content\/uploads\/2017\/04\/28390.jpg\" \/>\n\t<meta property=\"og:image:width\" content=\"350\" \/>\n\t<meta property=\"og:image:height\" content=\"350\" \/>\n\t<meta property=\"og:image:type\" content=\"image\/jpeg\" \/>\n<meta name=\"twitter:card\" content=\"summary_large_image\" \/>\n<meta name=\"twitter:label1\" content=\"Est. tempo de leitura\" \/>\n\t<meta name=\"twitter:data1\" content=\"2 minutos\" \/>\n<script type=\"application\/ld+json\" class=\"yoast-schema-graph\">{\"@context\":\"https:\\\/\\\/schema.org\",\"@graph\":[{\"@type\":\"WebPage\",\"@id\":\"https:\\\/\\\/finastampadecor.com.br\\\/loja\\\/produto\\\/papel-de-parede-textura-marrom\\\/\",\"url\":\"https:\\\/\\\/finastampadecor.com.br\\\/loja\\\/produto\\\/papel-de-parede-textura-marrom\\\/\",\"name\":\"Papel de Parede Textura Marrom - Fina Stampa Decor\",\"isPartOf\":{\"@id\":\"https:\\\/\\\/finastampadecor.com.br\\\/loja\\\/#website\"},\"primaryImageOfPage\":{\"@id\":\"https:\\\/\\\/finastampadecor.com.br\\\/loja\\\/produto\\\/papel-de-parede-textura-marrom\\\/#primaryimage\"},\"image\":{\"@id\":\"https:\\\/\\\/finastampadecor.com.br\\\/loja\\\/produto\\\/papel-de-parede-textura-marrom\\\/#primaryimage\"},\"thumbnailUrl\":\"https:\\\/\\\/finastampadecor.com.br\\\/loja\\\/wp-content\\\/uploads\\\/2017\\\/04\\\/28390.jpg\",\"datePublished\":\"2017-04-17T20:27:53+00:00\",\"dateModified\":\"2025-06-20T12:25:46+00:00\",\"description\":\"Papel de parede textura marrom, cole\u00e7\u00e3o italiana 3D moderna e colorida, v\u00e1rias estampas em vin\u00edlico lav\u00e1vel, proporciona aconchego e beleza a decora\u00e7\u00e3o.\",\"breadcrumb\":{\"@id\":\"https:\\\/\\\/finastampadecor.com.br\\\/loja\\\/produto\\\/papel-de-parede-textura-marrom\\\/#breadcrumb\"},\"inLanguage\":\"pt-BR\",\"potentialAction\":[{\"@type\":\"ReadAction\",\"target\":[\"https:\\\/\\\/finastampadecor.com.br\\\/loja\\\/produto\\\/papel-de-parede-textura-marrom\\\/\"]}]},{\"@type\":\"ImageObject\",\"inLanguage\":\"pt-BR\",\"@id\":\"https:\\\/\\\/finastampadecor.com.br\\\/loja\\\/produto\\\/papel-de-parede-textura-marrom\\\/#primaryimage\",\"url\":\"https:\\\/\\\/finastampadecor.com.br\\\/loja\\\/wp-content\\\/uploads\\\/2017\\\/04\\\/28390.jpg\",\"contentUrl\":\"https:\\\/\\\/finastampadecor.com.br\\\/loja\\\/wp-content\\\/uploads\\\/2017\\\/04\\\/28390.jpg\",\"width\":350,\"height\":350,\"caption\":\"papel de parede textura marrom\"},{\"@type\":\"BreadcrumbList\",\"@id\":\"https:\\\/\\\/finastampadecor.com.br\\\/loja\\\/produto\\\/papel-de-parede-textura-marrom\\\/#breadcrumb\",\"itemListElement\":[{\"@type\":\"ListItem\",\"position\":1,\"name\":\"In\u00edcio\",\"item\":\"https:\\\/\\\/finastampadecor.com.br\\\/loja\\\/\"},{\"@type\":\"ListItem\",\"position\":2,\"name\":\"Todos os produtos\",\"item\":\"https:\\\/\\\/finastampadecor.com.br\\\/loja\\\/todos-os-produtos\\\/\"},{\"@type\":\"ListItem\",\"position\":3,\"name\":\"Papel de Parede Textura Marrom\"}]},{\"@type\":\"WebSite\",\"@id\":\"https:\\\/\\\/finastampadecor.com.br\\\/loja\\\/#website\",\"url\":\"https:\\\/\\\/finastampadecor.com.br\\\/loja\\\/\",\"name\":\"Fina Stampa Decor\",\"description\":\"Loja Virtual\",\"publisher\":{\"@id\":\"https:\\\/\\\/finastampadecor.com.br\\\/loja\\\/#organization\"},\"potentialAction\":[{\"@type\":\"SearchAction\",\"target\":{\"@type\":\"EntryPoint\",\"urlTemplate\":\"https:\\\/\\\/finastampadecor.com.br\\\/loja\\\/?s={search_term_string}\"},\"query-input\":{\"@type\":\"PropertyValueSpecification\",\"valueRequired\":true,\"valueName\":\"search_term_string\"}}],\"inLanguage\":\"pt-BR\"},{\"@type\":\"Organization\",\"@id\":\"https:\\\/\\\/finastampadecor.com.br\\\/loja\\\/#organization\",\"name\":\"Fina Stampa Decor\",\"url\":\"https:\\\/\\\/finastampadecor.com.br\\\/loja\\\/\",\"logo\":{\"@type\":\"ImageObject\",\"inLanguage\":\"pt-BR\",\"@id\":\"https:\\\/\\\/finastampadecor.com.br\\\/loja\\\/#\\\/schema\\\/logo\\\/image\\\/\",\"url\":\"https:\\\/\\\/finastampadecor.com.br\\\/loja\\\/wp-content\\\/uploads\\\/2024\\\/08\\\/cropped-FinaStampa-1.png\",\"contentUrl\":\"https:\\\/\\\/finastampadecor.com.br\\\/loja\\\/wp-content\\\/uploads\\\/2024\\\/08\\\/cropped-FinaStampa-1.png\",\"width\":788,\"height\":216,\"caption\":\"Fina Stampa Decor\"},\"image\":{\"@id\":\"https:\\\/\\\/finastampadecor.com.br\\\/loja\\\/#\\\/schema\\\/logo\\\/image\\\/\"},\"sameAs\":[\"https:\\\/\\\/www.facebook.com\\\/finastampadecoracao\\\/\"]}]}<\/script>\n<!-- \/ Yoast SEO plugin. -->","yoast_head_json":{"title":"Papel de Parede Textura Marrom - Fina Stampa Decor","description":"Papel de parede textura marrom, cole\u00e7\u00e3o italiana 3D moderna e colorida, v\u00e1rias estampas em vin\u00edlico lav\u00e1vel, proporciona aconchego e beleza a decora\u00e7\u00e3o.","robots":{"index":"index","follow":"follow","max-snippet":"max-snippet:-1","max-image-preview":"max-image-preview:large","max-video-preview":"max-video-preview:-1"},"canonical":"https:\/\/finastampadecor.com.br\/loja\/produto\/papel-de-parede-textura-marrom\/","og_locale":"pt_BR","og_type":"article","og_title":"Papel de Parede Textura Marrom - Fina Stampa Decor","og_description":"Papel de parede textura marrom, cole\u00e7\u00e3o italiana 3D moderna e colorida, v\u00e1rias estampas em vin\u00edlico lav\u00e1vel, proporciona aconchego e beleza a decora\u00e7\u00e3o.","og_url":"https:\/\/finastampadecor.com.br\/loja\/produto\/papel-de-parede-textura-marrom\/","og_site_name":"Fina Stampa Decor","article_publisher":"https:\/\/www.facebook.com\/finastampadecoracao\/","article_modified_time":"2025-06-20T12:25:46+00:00","og_image":[{"width":350,"height":350,"url":"https:\/\/finastampadecor.com.br\/loja\/wp-content\/uploads\/2017\/04\/28390.jpg","type":"image\/jpeg"}],"twitter_card":"summary_large_image","twitter_misc":{"Est. tempo de leitura":"2 minutos"},"schema":{"@context":"https:\/\/schema.org","@graph":[{"@type":"WebPage","@id":"https:\/\/finastampadecor.com.br\/loja\/produto\/papel-de-parede-textura-marrom\/","url":"https:\/\/finastampadecor.com.br\/loja\/produto\/papel-de-parede-textura-marrom\/","name":"Papel de Parede Textura Marrom - Fina Stampa Decor","isPartOf":{"@id":"https:\/\/finastampadecor.com.br\/loja\/#website"},"primaryImageOfPage":{"@id":"https:\/\/finastampadecor.com.br\/loja\/produto\/papel-de-parede-textura-marrom\/#primaryimage"},"image":{"@id":"https:\/\/finastampadecor.com.br\/loja\/produto\/papel-de-parede-textura-marrom\/#primaryimage"},"thumbnailUrl":"https:\/\/finastampadecor.com.br\/loja\/wp-content\/uploads\/2017\/04\/28390.jpg","datePublished":"2017-04-17T20:27:53+00:00","dateModified":"2025-06-20T12:25:46+00:00","description":"Papel de parede textura marrom, cole\u00e7\u00e3o italiana 3D moderna e colorida, v\u00e1rias estampas em vin\u00edlico lav\u00e1vel, proporciona aconchego e beleza a decora\u00e7\u00e3o.","breadcrumb":{"@id":"https:\/\/finastampadecor.com.br\/loja\/produto\/papel-de-parede-textura-marrom\/#breadcrumb"},"inLanguage":"pt-BR","potentialAction":[{"@type":"ReadAction","target":["https:\/\/finastampadecor.com.br\/loja\/produto\/papel-de-parede-textura-marrom\/"]}]},{"@type":"ImageObject","inLanguage":"pt-BR","@id":"https:\/\/finastampadecor.com.br\/loja\/produto\/papel-de-parede-textura-marrom\/#primaryimage","url":"https:\/\/finastampadecor.com.br\/loja\/wp-content\/uploads\/2017\/04\/28390.jpg","contentUrl":"https:\/\/finastampadecor.com.br\/loja\/wp-content\/uploads\/2017\/04\/28390.jpg","width":350,"height":350,"caption":"papel de parede textura marrom"},{"@type":"BreadcrumbList","@id":"https:\/\/finastampadecor.com.br\/loja\/produto\/papel-de-parede-textura-marrom\/#breadcrumb","itemListElement":[{"@type":"ListItem","position":1,"name":"In\u00edcio","item":"https:\/\/finastampadecor.com.br\/loja\/"},{"@type":"ListItem","position":2,"name":"Todos os produtos","item":"https:\/\/finastampadecor.com.br\/loja\/todos-os-produtos\/"},{"@type":"ListItem","position":3,"name":"Papel de Parede Textura Marrom"}]},{"@type":"WebSite","@id":"https:\/\/finastampadecor.com.br\/loja\/#website","url":"https:\/\/finastampadecor.com.br\/loja\/","name":"Fina Stampa Decor","description":"Loja Virtual","publisher":{"@id":"https:\/\/finastampadecor.com.br\/loja\/#organization"},"potentialAction":[{"@type":"SearchAction","target":{"@type":"EntryPoint","urlTemplate":"https:\/\/finastampadecor.com.br\/loja\/?s={search_term_string}"},"query-input":{"@type":"PropertyValueSpecification","valueRequired":true,"valueName":"search_term_string"}}],"inLanguage":"pt-BR"},{"@type":"Organization","@id":"https:\/\/finastampadecor.com.br\/loja\/#organization","name":"Fina Stampa Decor","url":"https:\/\/finastampadecor.com.br\/loja\/","logo":{"@type":"ImageObject","inLanguage":"pt-BR","@id":"https:\/\/finastampadecor.com.br\/loja\/#\/schema\/logo\/image\/","url":"https:\/\/finastampadecor.com.br\/loja\/wp-content\/uploads\/2024\/08\/cropped-FinaStampa-1.png","contentUrl":"https:\/\/finastampadecor.com.br\/loja\/wp-content\/uploads\/2024\/08\/cropped-FinaStampa-1.png","width":788,"height":216,"caption":"Fina Stampa Decor"},"image":{"@id":"https:\/\/finastampadecor.com.br\/loja\/#\/schema\/logo\/image\/"},"sameAs":["https:\/\/www.facebook.com\/finastampadecoracao\/"]}]}},"_links":{"self":[{"href":"https:\/\/finastampadecor.com.br\/loja\/wp-json\/wp\/v2\/product\/4083","targetHints":{"allow":["GET"]}}],"collection":[{"href":"https:\/\/finastampadecor.com.br\/loja\/wp-json\/wp\/v2\/product"}],"about":[{"href":"https:\/\/finastampadecor.com.br\/loja\/wp-json\/wp\/v2\/types\/product"}],"replies":[{"embeddable":true,"href":"https:\/\/finastampadecor.com.br\/loja\/wp-json\/wp\/v2\/comments?post=4083"}],"wp:featuredmedia":[{"embeddable":true,"href":"https:\/\/finastampadecor.com.br\/loja\/wp-json\/wp\/v2\/media\/17558"}],"wp:attachment":[{"href":"https:\/\/finastampadecor.com.br\/loja\/wp-json\/wp\/v2\/media?parent=4083"}],"wp:term":[{"taxonomy":"product_brand","embeddable":true,"href":"https:\/\/finastampadecor.com.br\/loja\/wp-json\/wp\/v2\/product_brand?post=4083"},{"taxonomy":"product_cat","embeddable":true,"href":"https:\/\/finastampadecor.com.br\/loja\/wp-json\/wp\/v2\/product_cat?post=4083"},{"taxonomy":"product_tag","embeddable":true,"href":"https:\/\/finastampadecor.com.br\/loja\/wp-json\/wp\/v2\/product_tag?post=4083"}],"curies":[{"name":"wp","href":"https:\/\/api.w.org\/{rel}","templated":true}]}}