{"id":71707,"date":"2021-08-10T11:28:01","date_gmt":"2021-08-10T14:28:01","guid":{"rendered":"https:\/\/finastampadecor.com.br\/loja\/?post_type=product&#038;p=71707"},"modified":"2025-09-26T10:22:03","modified_gmt":"2025-09-26T13:22:03","slug":"tecido-estampa-animale-onca","status":"publish","type":"product","link":"https:\/\/finastampadecor.com.br\/loja\/produto\/tecido-estampa-animale-onca\/","title":{"rendered":"Tecido Estampa Animale On\u00e7a"},"content":{"rendered":"<p id=\"tab_description_tabbed_contents\" class=\"tab-content\">Tecido estampa animale on\u00e7a. Cole\u00e7\u00e3o moderna e cl\u00e1ssica, muito sofisticada em tons neutros e coloridos, varias e lindas estampas, em florais como rosas, d\u00e1lias, cris\u00e2ntemos, p\u00e1ssaros, vintage, geom\u00e9tricos, listrados, quadriculados, xadrez gal\u00eas, tie dye, efeito croco, adere\u00e7os, grafismos, adamascados, florestas, cidades, pets, borboletas. Tecido estampa animale on\u00e7a, de excelente qualidade repelente a agua, \u00f3leo e com acabamento anti mancha, indicado para mobili\u00e1rio e \u00e1reas internas. Tecidos renovam o seu ambiente, proporcionando maior bem estar e conforto\u00a0 aos moradores, mais alegria e beleza a sua decora\u00e7\u00e3o. Veja tamb\u00e9m em papel de parede, v\u00e1rias composi\u00e7\u00f5es para tecido estampado. Clique <a href=\"https:\/\/finastampadecor.com.br\/loja\/produto\/papel-de-parede-prata-velho\/\">AQUI<\/a>\u00a0e saiba mais!<\/p>\n<h4><strong>FICHA T\u00c9CNICA<\/strong><\/h4>\n<div id=\"tab_additional_tabbed_contents\" class=\"tab-content\">\n<table id=\"product-attribute-specs-table\" class=\"data-table\">\n<colgroup>\n<col width=\"25%\" \/>\n<col \/><\/colgroup>\n<tbody>\n<tr class=\"first odd\">\n<th class=\"label\">QUANTIDADE<\/th>\n<td class=\"data last\">Venda por metro, voc\u00ea escolhe o quanto comprar.<\/td>\n<\/tr>\n<tr class=\"even\">\n<th class=\"label\">MEDIDAS<\/th>\n<td class=\"data last\">1,40 mts de largura<\/td>\n<\/tr>\n<tr class=\"odd\">\n<th class=\"label\">COMPOSI\u00c7\u00c3O<\/th>\n<td class=\"data last\">\u00a062% algod\u00e3o \u2013 38% poli\u00e9ster<\/td>\n<\/tr>\n<tr class=\"even\">\n<th class=\"label\">COLE\u00c7\u00c3O<\/th>\n<td class=\"data last\">Estampada e lisa<\/td>\n<\/tr>\n<tr class=\"odd\">\n<th class=\"label\">PESO<\/th>\n<td class=\"data last\">\u00a0290 g\/mts linear<\/td>\n<\/tr>\n<tr class=\"even\">\n<th class=\"label\">ORIGEM<\/th>\n<td class=\"data last\">\u00a0Brasil<\/td>\n<\/tr>\n<tr class=\"odd\">\n<th class=\"label\">AMBIENTE<\/th>\n<td class=\"data last\">Sof\u00e1s, cadeiras, poltronas, puffs, almofadas, jogos americanos, colchas, cortinas e aplica\u00e7\u00e3o em paredes<\/td>\n<\/tr>\n<tr class=\"even\">\n<th class=\"label\">\u00a0TEMA<\/th>\n<td class=\"data last\">Animale on\u00e7a<\/td>\n<\/tr>\n<tr class=\"odd\">\n<th class=\"label\">COR PREDOMINANTE<\/th>\n<td class=\"data last\">Marrom<\/td>\n<\/tr>\n<tr class=\"even\">\n<th class=\"label\">CORES<\/th>\n<td class=\"data last\">Beje, marrom, amarelo, marfim, caramelo<\/td>\n<\/tr>\n<tr class=\"odd\">\n<th class=\"label\">SUPERF\u00cdCIE<\/th>\n<td class=\"data last\">\u00a0Lisa<\/td>\n<\/tr>\n<tr class=\"even\">\n<th class=\"label\">MATERIAL<\/th>\n<td class=\"data last\">\u00a0Tecido para decora\u00e7\u00e3o<\/td>\n<\/tr>\n<tr class=\"odd\">\n<th class=\"label\">ATEN\u00c7\u00c3O<\/th>\n<td class=\"data last\">\u00a0Os tons das cores das estampas dos tecidos, poder\u00e3o variar em at\u00e9 5% dentro da toler\u00e2ncia para mais ou para menos, dependendo do grau de luminosidade da tela do seu computador ou celular.<\/td>\n<\/tr>\n<tr class=\"even\">\n<th class=\"label\">APROVEITAMENTO \u00b1<\/th>\n<td class=\"data last\">Total<\/td>\n<\/tr>\n<tr class=\"odd\">\n<th class=\"label\">\u00a0BENEF\u00cdCIOS<\/th>\n<td class=\"data last\">Tecido estampado muito resistente, repelente a agua, \u00f3leo e com acabamento ante mancha ,de longa durabilidade, indicado para ambientes internos como sof\u00e1s, poltronas, cadeiras, almofadas, jogos americanos, colchas, cortinas e instala\u00e7\u00e3o em paredes, tecidos renovam e alegram o ambiente, tornando o espa\u00e7o descontra\u00eddo e aconchegante, proporcionando mais beleza a sua decora\u00e7\u00e3o.<\/td>\n<\/tr>\n<tr class=\"last even\">\n<th class=\"label\">PRECAU\u00c7\u00d5ES<\/th>\n<td class=\"data last\">Manter o tecido sempre limpo, livre de substancias oleosas, arenosas ou qu\u00edmicas como ( maquiagens, lo\u00e7\u00f5es, repelentes e terra). Lavar com\u00a0 sab\u00e3o liquido neutro, n\u00e3o deixar de molho, n\u00e3o lavar a maquina para n\u00e3o danificar o tecido, n\u00e3o colocar alvejante,\u00a0 passar a ferro em temperatura m\u00e9dia. Garantia defeito de fabrica\u00e7\u00e3o, n\u00e3o nos responsabilizamos pelos uso do produtos fora das instru\u00e7\u00f5es de uso.<\/td>\n<\/tr>\n<\/tbody>\n<\/table>\n<\/div>\n","protected":false},"excerpt":{"rendered":"<p>Tecido estampa animale on\u00e7a. Cole\u00e7\u00e3o moderna e cl\u00e1ssica, muito sofisticada em tons neutros e coloridos, varias e lindas estampas, em florais como rosas, d\u00e1lias, cris\u00e2ntemos, p\u00e1ssaros, vintage, geom\u00e9tricos, listrados, quadriculados, xadrez gal\u00eas, tie dye, efeito croco, adere\u00e7os, grafismos, adamascados, florestas, cidades, pets, borboletas. Tecido estampa animale on\u00e7a, de excelente qualidade repelente a agua, \u00f3leo e [&hellip;]<\/p>\n","protected":false},"featured_media":71407,"comment_status":"closed","ping_status":"closed","template":"","meta":{"ocean_post_layout":"","ocean_both_sidebars_style":"","ocean_both_sidebars_content_width":0,"ocean_both_sidebars_sidebars_width":0,"ocean_sidebar":"0","ocean_second_sidebar":"0","ocean_disable_margins":"enable","ocean_add_body_class":"","ocean_shortcode_before_top_bar":"","ocean_shortcode_after_top_bar":"","ocean_shortcode_before_header":"","ocean_shortcode_after_header":"","ocean_has_shortcode":"","ocean_shortcode_after_title":"","ocean_shortcode_before_footer_widgets":"","ocean_shortcode_after_footer_widgets":"","ocean_shortcode_before_footer_bottom":"","ocean_shortcode_after_footer_bottom":"","ocean_display_top_bar":"default","ocean_display_header":"default","ocean_header_style":"","ocean_center_header_left_menu":"0","ocean_custom_header_template":"0","ocean_custom_logo":0,"ocean_custom_retina_logo":0,"ocean_custom_logo_max_width":0,"ocean_custom_logo_tablet_max_width":0,"ocean_custom_logo_mobile_max_width":0,"ocean_custom_logo_max_height":0,"ocean_custom_logo_tablet_max_height":0,"ocean_custom_logo_mobile_max_height":0,"ocean_header_custom_menu":"0","ocean_menu_typo_font_family":"0","ocean_menu_typo_font_subset":"","ocean_menu_typo_font_size":0,"ocean_menu_typo_font_size_tablet":0,"ocean_menu_typo_font_size_mobile":0,"ocean_menu_typo_font_size_unit":"px","ocean_menu_typo_font_weight":"","ocean_menu_typo_font_weight_tablet":"","ocean_menu_typo_font_weight_mobile":"","ocean_menu_typo_transform":"","ocean_menu_typo_transform_tablet":"","ocean_menu_typo_transform_mobile":"","ocean_menu_typo_line_height":0,"ocean_menu_typo_line_height_tablet":0,"ocean_menu_typo_line_height_mobile":0,"ocean_menu_typo_line_height_unit":"","ocean_menu_typo_spacing":0,"ocean_menu_typo_spacing_tablet":0,"ocean_menu_typo_spacing_mobile":0,"ocean_menu_typo_spacing_unit":"","ocean_menu_link_color":"","ocean_menu_link_color_hover":"","ocean_menu_link_color_active":"","ocean_menu_link_background":"","ocean_menu_link_hover_background":"","ocean_menu_link_active_background":"","ocean_menu_social_links_bg":"","ocean_menu_social_hover_links_bg":"","ocean_menu_social_links_color":"","ocean_menu_social_hover_links_color":"","ocean_disable_title":"default","ocean_disable_heading":"default","ocean_post_title":"","ocean_post_subheading":"","ocean_post_title_style":"","ocean_post_title_background_color":"","ocean_post_title_background":0,"ocean_post_title_bg_image_position":"","ocean_post_title_bg_image_attachment":"","ocean_post_title_bg_image_repeat":"","ocean_post_title_bg_image_size":"","ocean_post_title_height":0,"ocean_post_title_bg_overlay":0.5,"ocean_post_title_bg_overlay_color":"","ocean_disable_breadcrumbs":"default","ocean_breadcrumbs_color":"","ocean_breadcrumbs_separator_color":"","ocean_breadcrumbs_links_color":"","ocean_breadcrumbs_links_hover_color":"","ocean_display_footer_widgets":"default","ocean_display_footer_bottom":"default","ocean_custom_footer_template":"0"},"product_brand":[],"product_cat":[272],"product_tag":[],"class_list":{"0":"post-71707","1":"product","2":"type-product","3":"status-publish","4":"has-post-thumbnail","6":"product_cat-tecidos-variados","8":"entry","9":"has-media","11":"first","12":"instock","13":"shipping-taxable","14":"purchasable","15":"product-type-simple","16":"has-product-nav","17":"col","18":"span_1_of_4","19":"owp-content-center","20":"owp-thumbs-layout-horizontal","21":"owp-btn-big","22":"owp-tabs-layout-section"},"yoast_head":"<!-- This site is optimized with the Yoast SEO plugin v27.5 - https:\/\/yoast.com\/product\/yoast-seo-wordpress\/ -->\n<title>Tecido Estampa Animale On\u00e7a - Fina Stampa Decor<\/title>\n<meta name=\"robots\" content=\"index, follow, max-snippet:-1, max-image-preview:large, max-video-preview:-1\" \/>\n<link rel=\"canonical\" href=\"https:\/\/finastampadecor.com.br\/loja\/produto\/tecido-estampa-animale-onca\/\" \/>\n<meta property=\"og:locale\" content=\"pt_BR\" \/>\n<meta property=\"og:type\" content=\"article\" \/>\n<meta property=\"og:title\" content=\"Tecido Estampa Animale On\u00e7a - Fina Stampa Decor\" \/>\n<meta property=\"og:description\" content=\"Tecido estampa animale on\u00e7a. Cole\u00e7\u00e3o moderna e cl\u00e1ssica, muito sofisticada em tons neutros e coloridos, varias e lindas estampas, em florais como rosas, d\u00e1lias, cris\u00e2ntemos, p\u00e1ssaros, vintage, geom\u00e9tricos, listrados, quadriculados, xadrez gal\u00eas, tie dye, efeito croco, adere\u00e7os, grafismos, adamascados, florestas, cidades, pets, borboletas. Tecido estampa animale on\u00e7a, de excelente qualidade repelente a agua, \u00f3leo e [&hellip;]\" \/>\n<meta property=\"og:url\" content=\"https:\/\/finastampadecor.com.br\/loja\/produto\/tecido-estampa-animale-onca\/\" \/>\n<meta property=\"og:site_name\" content=\"Fina Stampa Decor\" \/>\n<meta property=\"article:publisher\" content=\"https:\/\/www.facebook.com\/finastampadecoracao\/\" \/>\n<meta property=\"article:modified_time\" content=\"2025-09-26T13:22:03+00:00\" \/>\n<meta property=\"og:image\" content=\"https:\/\/finastampadecor.com.br\/loja\/wp-content\/uploads\/2021\/07\/3672663_01.jpg?v=1627320802\" \/>\n\t<meta property=\"og:image:width\" content=\"1000\" \/>\n\t<meta property=\"og:image:height\" content=\"1000\" \/>\n\t<meta property=\"og:image:type\" content=\"image\/jpeg\" \/>\n<meta name=\"twitter:card\" content=\"summary_large_image\" \/>\n<meta name=\"twitter:label1\" content=\"Est. tempo de leitura\" \/>\n\t<meta name=\"twitter:data1\" content=\"2 minutos\" \/>\n<script type=\"application\/ld+json\" class=\"yoast-schema-graph\">{\"@context\":\"https:\\\/\\\/schema.org\",\"@graph\":[{\"@type\":\"WebPage\",\"@id\":\"https:\\\/\\\/finastampadecor.com.br\\\/loja\\\/produto\\\/tecido-estampa-animale-onca\\\/\",\"url\":\"https:\\\/\\\/finastampadecor.com.br\\\/loja\\\/produto\\\/tecido-estampa-animale-onca\\\/\",\"name\":\"Tecido Estampa Animale On\u00e7a - Fina Stampa Decor\",\"isPartOf\":{\"@id\":\"https:\\\/\\\/finastampadecor.com.br\\\/loja\\\/#website\"},\"primaryImageOfPage\":{\"@id\":\"https:\\\/\\\/finastampadecor.com.br\\\/loja\\\/produto\\\/tecido-estampa-animale-onca\\\/#primaryimage\"},\"image\":{\"@id\":\"https:\\\/\\\/finastampadecor.com.br\\\/loja\\\/produto\\\/tecido-estampa-animale-onca\\\/#primaryimage\"},\"thumbnailUrl\":\"https:\\\/\\\/finastampadecor.com.br\\\/loja\\\/wp-content\\\/uploads\\\/2021\\\/07\\\/3672663_01.jpg?v=1627320802\",\"datePublished\":\"2021-08-10T14:28:01+00:00\",\"dateModified\":\"2025-09-26T13:22:03+00:00\",\"breadcrumb\":{\"@id\":\"https:\\\/\\\/finastampadecor.com.br\\\/loja\\\/produto\\\/tecido-estampa-animale-onca\\\/#breadcrumb\"},\"inLanguage\":\"pt-BR\",\"potentialAction\":[{\"@type\":\"ReadAction\",\"target\":[\"https:\\\/\\\/finastampadecor.com.br\\\/loja\\\/produto\\\/tecido-estampa-animale-onca\\\/\"]}]},{\"@type\":\"ImageObject\",\"inLanguage\":\"pt-BR\",\"@id\":\"https:\\\/\\\/finastampadecor.com.br\\\/loja\\\/produto\\\/tecido-estampa-animale-onca\\\/#primaryimage\",\"url\":\"https:\\\/\\\/finastampadecor.com.br\\\/loja\\\/wp-content\\\/uploads\\\/2021\\\/07\\\/3672663_01.jpg?v=1627320802\",\"contentUrl\":\"https:\\\/\\\/finastampadecor.com.br\\\/loja\\\/wp-content\\\/uploads\\\/2021\\\/07\\\/3672663_01.jpg?v=1627320802\",\"width\":1000,\"height\":1000,\"caption\":\"tecido estampa animale on\u00e7a\"},{\"@type\":\"BreadcrumbList\",\"@id\":\"https:\\\/\\\/finastampadecor.com.br\\\/loja\\\/produto\\\/tecido-estampa-animale-onca\\\/#breadcrumb\",\"itemListElement\":[{\"@type\":\"ListItem\",\"position\":1,\"name\":\"In\u00edcio\",\"item\":\"https:\\\/\\\/finastampadecor.com.br\\\/loja\\\/\"},{\"@type\":\"ListItem\",\"position\":2,\"name\":\"Todos os produtos\",\"item\":\"https:\\\/\\\/finastampadecor.com.br\\\/loja\\\/todos-os-produtos\\\/\"},{\"@type\":\"ListItem\",\"position\":3,\"name\":\"Tecido Estampa Animale On\u00e7a\"}]},{\"@type\":\"WebSite\",\"@id\":\"https:\\\/\\\/finastampadecor.com.br\\\/loja\\\/#website\",\"url\":\"https:\\\/\\\/finastampadecor.com.br\\\/loja\\\/\",\"name\":\"Fina Stampa Decor\",\"description\":\"Loja Virtual\",\"publisher\":{\"@id\":\"https:\\\/\\\/finastampadecor.com.br\\\/loja\\\/#organization\"},\"potentialAction\":[{\"@type\":\"SearchAction\",\"target\":{\"@type\":\"EntryPoint\",\"urlTemplate\":\"https:\\\/\\\/finastampadecor.com.br\\\/loja\\\/?s={search_term_string}\"},\"query-input\":{\"@type\":\"PropertyValueSpecification\",\"valueRequired\":true,\"valueName\":\"search_term_string\"}}],\"inLanguage\":\"pt-BR\"},{\"@type\":\"Organization\",\"@id\":\"https:\\\/\\\/finastampadecor.com.br\\\/loja\\\/#organization\",\"name\":\"Fina Stampa Decor\",\"url\":\"https:\\\/\\\/finastampadecor.com.br\\\/loja\\\/\",\"logo\":{\"@type\":\"ImageObject\",\"inLanguage\":\"pt-BR\",\"@id\":\"https:\\\/\\\/finastampadecor.com.br\\\/loja\\\/#\\\/schema\\\/logo\\\/image\\\/\",\"url\":\"https:\\\/\\\/finastampadecor.com.br\\\/loja\\\/wp-content\\\/uploads\\\/2024\\\/08\\\/cropped-FinaStampa-1.png\",\"contentUrl\":\"https:\\\/\\\/finastampadecor.com.br\\\/loja\\\/wp-content\\\/uploads\\\/2024\\\/08\\\/cropped-FinaStampa-1.png\",\"width\":788,\"height\":216,\"caption\":\"Fina Stampa Decor\"},\"image\":{\"@id\":\"https:\\\/\\\/finastampadecor.com.br\\\/loja\\\/#\\\/schema\\\/logo\\\/image\\\/\"},\"sameAs\":[\"https:\\\/\\\/www.facebook.com\\\/finastampadecoracao\\\/\"]}]}<\/script>\n<!-- \/ Yoast SEO plugin. -->","yoast_head_json":{"title":"Tecido Estampa Animale On\u00e7a - Fina Stampa Decor","robots":{"index":"index","follow":"follow","max-snippet":"max-snippet:-1","max-image-preview":"max-image-preview:large","max-video-preview":"max-video-preview:-1"},"canonical":"https:\/\/finastampadecor.com.br\/loja\/produto\/tecido-estampa-animale-onca\/","og_locale":"pt_BR","og_type":"article","og_title":"Tecido Estampa Animale On\u00e7a - Fina Stampa Decor","og_description":"Tecido estampa animale on\u00e7a. Cole\u00e7\u00e3o moderna e cl\u00e1ssica, muito sofisticada em tons neutros e coloridos, varias e lindas estampas, em florais como rosas, d\u00e1lias, cris\u00e2ntemos, p\u00e1ssaros, vintage, geom\u00e9tricos, listrados, quadriculados, xadrez gal\u00eas, tie dye, efeito croco, adere\u00e7os, grafismos, adamascados, florestas, cidades, pets, borboletas. Tecido estampa animale on\u00e7a, de excelente qualidade repelente a agua, \u00f3leo e [&hellip;]","og_url":"https:\/\/finastampadecor.com.br\/loja\/produto\/tecido-estampa-animale-onca\/","og_site_name":"Fina Stampa Decor","article_publisher":"https:\/\/www.facebook.com\/finastampadecoracao\/","article_modified_time":"2025-09-26T13:22:03+00:00","og_image":[{"width":1000,"height":1000,"url":"https:\/\/finastampadecor.com.br\/loja\/wp-content\/uploads\/2021\/07\/3672663_01.jpg?v=1627320802","type":"image\/jpeg"}],"twitter_card":"summary_large_image","twitter_misc":{"Est. tempo de leitura":"2 minutos"},"schema":{"@context":"https:\/\/schema.org","@graph":[{"@type":"WebPage","@id":"https:\/\/finastampadecor.com.br\/loja\/produto\/tecido-estampa-animale-onca\/","url":"https:\/\/finastampadecor.com.br\/loja\/produto\/tecido-estampa-animale-onca\/","name":"Tecido Estampa Animale On\u00e7a - Fina Stampa Decor","isPartOf":{"@id":"https:\/\/finastampadecor.com.br\/loja\/#website"},"primaryImageOfPage":{"@id":"https:\/\/finastampadecor.com.br\/loja\/produto\/tecido-estampa-animale-onca\/#primaryimage"},"image":{"@id":"https:\/\/finastampadecor.com.br\/loja\/produto\/tecido-estampa-animale-onca\/#primaryimage"},"thumbnailUrl":"https:\/\/finastampadecor.com.br\/loja\/wp-content\/uploads\/2021\/07\/3672663_01.jpg?v=1627320802","datePublished":"2021-08-10T14:28:01+00:00","dateModified":"2025-09-26T13:22:03+00:00","breadcrumb":{"@id":"https:\/\/finastampadecor.com.br\/loja\/produto\/tecido-estampa-animale-onca\/#breadcrumb"},"inLanguage":"pt-BR","potentialAction":[{"@type":"ReadAction","target":["https:\/\/finastampadecor.com.br\/loja\/produto\/tecido-estampa-animale-onca\/"]}]},{"@type":"ImageObject","inLanguage":"pt-BR","@id":"https:\/\/finastampadecor.com.br\/loja\/produto\/tecido-estampa-animale-onca\/#primaryimage","url":"https:\/\/finastampadecor.com.br\/loja\/wp-content\/uploads\/2021\/07\/3672663_01.jpg?v=1627320802","contentUrl":"https:\/\/finastampadecor.com.br\/loja\/wp-content\/uploads\/2021\/07\/3672663_01.jpg?v=1627320802","width":1000,"height":1000,"caption":"tecido estampa animale on\u00e7a"},{"@type":"BreadcrumbList","@id":"https:\/\/finastampadecor.com.br\/loja\/produto\/tecido-estampa-animale-onca\/#breadcrumb","itemListElement":[{"@type":"ListItem","position":1,"name":"In\u00edcio","item":"https:\/\/finastampadecor.com.br\/loja\/"},{"@type":"ListItem","position":2,"name":"Todos os produtos","item":"https:\/\/finastampadecor.com.br\/loja\/todos-os-produtos\/"},{"@type":"ListItem","position":3,"name":"Tecido Estampa Animale On\u00e7a"}]},{"@type":"WebSite","@id":"https:\/\/finastampadecor.com.br\/loja\/#website","url":"https:\/\/finastampadecor.com.br\/loja\/","name":"Fina Stampa Decor","description":"Loja Virtual","publisher":{"@id":"https:\/\/finastampadecor.com.br\/loja\/#organization"},"potentialAction":[{"@type":"SearchAction","target":{"@type":"EntryPoint","urlTemplate":"https:\/\/finastampadecor.com.br\/loja\/?s={search_term_string}"},"query-input":{"@type":"PropertyValueSpecification","valueRequired":true,"valueName":"search_term_string"}}],"inLanguage":"pt-BR"},{"@type":"Organization","@id":"https:\/\/finastampadecor.com.br\/loja\/#organization","name":"Fina Stampa Decor","url":"https:\/\/finastampadecor.com.br\/loja\/","logo":{"@type":"ImageObject","inLanguage":"pt-BR","@id":"https:\/\/finastampadecor.com.br\/loja\/#\/schema\/logo\/image\/","url":"https:\/\/finastampadecor.com.br\/loja\/wp-content\/uploads\/2024\/08\/cropped-FinaStampa-1.png","contentUrl":"https:\/\/finastampadecor.com.br\/loja\/wp-content\/uploads\/2024\/08\/cropped-FinaStampa-1.png","width":788,"height":216,"caption":"Fina Stampa Decor"},"image":{"@id":"https:\/\/finastampadecor.com.br\/loja\/#\/schema\/logo\/image\/"},"sameAs":["https:\/\/www.facebook.com\/finastampadecoracao\/"]}]}},"_links":{"self":[{"href":"https:\/\/finastampadecor.com.br\/loja\/wp-json\/wp\/v2\/product\/71707","targetHints":{"allow":["GET"]}}],"collection":[{"href":"https:\/\/finastampadecor.com.br\/loja\/wp-json\/wp\/v2\/product"}],"about":[{"href":"https:\/\/finastampadecor.com.br\/loja\/wp-json\/wp\/v2\/types\/product"}],"replies":[{"embeddable":true,"href":"https:\/\/finastampadecor.com.br\/loja\/wp-json\/wp\/v2\/comments?post=71707"}],"wp:featuredmedia":[{"embeddable":true,"href":"https:\/\/finastampadecor.com.br\/loja\/wp-json\/wp\/v2\/media\/71407"}],"wp:attachment":[{"href":"https:\/\/finastampadecor.com.br\/loja\/wp-json\/wp\/v2\/media?parent=71707"}],"wp:term":[{"taxonomy":"product_brand","embeddable":true,"href":"https:\/\/finastampadecor.com.br\/loja\/wp-json\/wp\/v2\/product_brand?post=71707"},{"taxonomy":"product_cat","embeddable":true,"href":"https:\/\/finastampadecor.com.br\/loja\/wp-json\/wp\/v2\/product_cat?post=71707"},{"taxonomy":"product_tag","embeddable":true,"href":"https:\/\/finastampadecor.com.br\/loja\/wp-json\/wp\/v2\/product_tag?post=71707"}],"curies":[{"name":"wp","href":"https:\/\/api.w.org\/{rel}","templated":true}]}}