{"id":71916,"date":"2021-08-11T16:35:18","date_gmt":"2021-08-11T19:35:18","guid":{"rendered":"https:\/\/finastampadecor.com.br\/loja\/?post_type=product&#038;p=71916"},"modified":"2021-08-11T16:35:18","modified_gmt":"2021-08-11T19:35:18","slug":"tecido-estampa-sorvetes-coloridos","status":"publish","type":"product","link":"https:\/\/finastampadecor.com.br\/loja\/produto\/tecido-estampa-sorvetes-coloridos\/","title":{"rendered":"Tecido Estampa Sorvetes coloridos"},"content":{"rendered":"<div id=\"tab_description_tabbed_contents\" class=\"tab-content\">\n<p class=\"std\">Tecido estampa sorvetes coloridos. Cole\u00e7\u00e3o moderna e colorida estampas em\u00a0 patrulha canina, Marie, Snoop, toy story, wstar as, super wings, Barbie, moji, borboletas, princesas, Frozen, Minnie, Mickey, Batman, Homem aranha, Superman, sereias, bailarinas, cisnes, avi\u00f5es, bal\u00f5es, sorvetes, meninas, carros, pierrots, ursinhos, carneirinhos, cachorrinhos, barquinhos, carrinhos hot wheels, c\u00e9u, nuvem, listras e quadrados. Tecido estampa sorvetes coloridos de excelente qualidade e resistente. Indicado para ambientes internos. Tecidos renovam nosso lar trazendo um toque especial, proporciona maior bem estar e aconchego aos moradores, mais alegria e beleza a decora\u00e7\u00e3o. Veja tamb\u00e9m em almofadas estampadas, v\u00e1rios composes para tecido estampado. Clique AQUI e saiba mais!<\/p>\n<\/div>\n<h5><strong>FICHA T\u00c9CNICA<\/strong><\/h5>\n<div id=\"tab_additional_tabbed_contents\" class=\"tab-content\">\n<table id=\"product-attribute-specs-table\" class=\"data-table\">\n<colgroup>\n<col width=\"25%\" \/>\n<col \/><\/colgroup>\n<tbody>\n<tr class=\"first odd\">\n<th class=\"label\">QUANTIDADE<\/th>\n<td class=\"data last\">Vendido por metro, voc\u00ea compra o quanto desejar<\/td>\n<\/tr>\n<tr class=\"odd\">\n<th class=\"label\">MEDIDA<\/th>\n<td class=\"data last\">1,40 de largura<\/td>\n<\/tr>\n<tr class=\"odd\">\n<th class=\"label\">COMPOSI\u00c7\u00c3O<\/th>\n<td class=\"data last\">\u00a040% algod\u00e3o \u2013 60% poli\u00e9ster<\/td>\n<\/tr>\n<tr class=\"odd\">\n<th class=\"label\">PESO<\/th>\n<td class=\"data last\">160 gr\/ por metro\u00b2<\/td>\n<\/tr>\n<tr class=\"even\">\n<th class=\"label\">\u00a0MATERIAL<\/th>\n<td class=\"data last\">Tecido em gorgurinho<\/td>\n<\/tr>\n<tr class=\"even\">\n<th class=\"label\">TEMA<\/th>\n<td class=\"data last\">Sorvetes<\/td>\n<\/tr>\n<tr class=\"odd\">\n<th class=\"label\">CORES<\/th>\n<td class=\"data last\">\u00a0Vermelho, amarelo, lil\u00e1s, rosa, marfim e azul claro<\/td>\n<\/tr>\n<tr class=\"even\">\n<th class=\"label\">SUPERFICIE<\/th>\n<td class=\"data last\">\u00a0Lisa<\/td>\n<\/tr>\n<tr class=\"odd\">\n<th class=\"label\">AMBIENTES<\/th>\n<td class=\"data last\">Sof\u00e1, cadeira, poltrona, puff, almofada, colcha, cabeceira de cama, cortina e aplica\u00e7\u00e3o em paredes,<\/td>\n<\/tr>\n<tr class=\"even\">\n<th class=\"label\">ATEN\u00c7\u00c3O<\/th>\n<td class=\"data last\">\u00a0 Os tons das cores das estampas, poder\u00e3o variarem em at\u00e9 5% dentro da toler\u00e2ncia para mais ou para menos, dependendo do grau de luminosidade da tela do computador ou do celular.<\/td>\n<\/tr>\n<tr class=\"odd\">\n<th class=\"label\">\u00a0BENEF\u00cdCIOS<\/th>\n<td class=\"data last\">Tecido altamente resistente e de longa durabilidade indicado para ambientes internos tais como, sof\u00e1, poltrona, cadeira, almofada, colcha, cortina e aplica\u00e7\u00e3o em parede. Tecidos renovam e alegram o ambiente, tornando o espa\u00e7o descontra\u00eddo e divertido proporcionando aconchego e beleza a sua decora\u00e7\u00e3o.<\/td>\n<\/tr>\n<tr class=\"last even\">\n<th class=\"label\">PRECAU\u00c7\u00d5ES<\/th>\n<td class=\"data last\">Manter o tecido sempre limpo, livre de substancias oleosas, arenosas ou qu\u00edmicas como ( maquiagens, lo\u00e7\u00f5es, repelentes e terra). Lavar com\u00a0 sab\u00e3o liquido neutro, n\u00e3o deixar muito tempo de molho principalmente com outras pe\u00e7as diferente ao produto, n\u00e3o lavar a maquina para n\u00e3o danificar o tecido e n\u00e3o colocar alvejante, podendo passar a ferro em temperatura m\u00e9dia. n\u00e3o nos responsabilizamos pelo produto fora das instru\u00e7\u00f5es de uso, garantia somente por defeito de fabrica\u00e7\u00e3o.<\/td>\n<\/tr>\n<\/tbody>\n<\/table>\n<\/div>\n","protected":false},"excerpt":{"rendered":"<p>Tecido estampa sorvetes coloridos. Cole\u00e7\u00e3o moderna e colorida estampas em\u00a0 patrulha canina, Marie, Snoop, toy story, wstar as, super wings, Barbie, moji, borboletas, princesas, Frozen, Minnie, Mickey, Batman, Homem aranha, Superman, sereias, bailarinas, cisnes, avi\u00f5es, bal\u00f5es, sorvetes, meninas, carros, pierrots, ursinhos, carneirinhos, cachorrinhos, barquinhos, carrinhos hot wheels, c\u00e9u, nuvem, listras e quadrados. Tecido estampa sorvetes [&hellip;]<\/p>\n","protected":false},"featured_media":71867,"comment_status":"closed","ping_status":"closed","template":"","meta":{"ocean_post_layout":"","ocean_both_sidebars_style":"","ocean_both_sidebars_content_width":0,"ocean_both_sidebars_sidebars_width":0,"ocean_sidebar":"0","ocean_second_sidebar":"0","ocean_disable_margins":"enable","ocean_add_body_class":"","ocean_shortcode_before_top_bar":"","ocean_shortcode_after_top_bar":"","ocean_shortcode_before_header":"","ocean_shortcode_after_header":"","ocean_has_shortcode":"","ocean_shortcode_after_title":"","ocean_shortcode_before_footer_widgets":"","ocean_shortcode_after_footer_widgets":"","ocean_shortcode_before_footer_bottom":"","ocean_shortcode_after_footer_bottom":"","ocean_display_top_bar":"default","ocean_display_header":"default","ocean_header_style":"","ocean_center_header_left_menu":"0","ocean_custom_header_template":"0","ocean_custom_logo":0,"ocean_custom_retina_logo":0,"ocean_custom_logo_max_width":0,"ocean_custom_logo_tablet_max_width":0,"ocean_custom_logo_mobile_max_width":0,"ocean_custom_logo_max_height":0,"ocean_custom_logo_tablet_max_height":0,"ocean_custom_logo_mobile_max_height":0,"ocean_header_custom_menu":"0","ocean_menu_typo_font_family":"0","ocean_menu_typo_font_subset":"","ocean_menu_typo_font_size":0,"ocean_menu_typo_font_size_tablet":0,"ocean_menu_typo_font_size_mobile":0,"ocean_menu_typo_font_size_unit":"px","ocean_menu_typo_font_weight":"","ocean_menu_typo_font_weight_tablet":"","ocean_menu_typo_font_weight_mobile":"","ocean_menu_typo_transform":"","ocean_menu_typo_transform_tablet":"","ocean_menu_typo_transform_mobile":"","ocean_menu_typo_line_height":0,"ocean_menu_typo_line_height_tablet":0,"ocean_menu_typo_line_height_mobile":0,"ocean_menu_typo_line_height_unit":"","ocean_menu_typo_spacing":0,"ocean_menu_typo_spacing_tablet":0,"ocean_menu_typo_spacing_mobile":0,"ocean_menu_typo_spacing_unit":"","ocean_menu_link_color":"","ocean_menu_link_color_hover":"","ocean_menu_link_color_active":"","ocean_menu_link_background":"","ocean_menu_link_hover_background":"","ocean_menu_link_active_background":"","ocean_menu_social_links_bg":"","ocean_menu_social_hover_links_bg":"","ocean_menu_social_links_color":"","ocean_menu_social_hover_links_color":"","ocean_disable_title":"default","ocean_disable_heading":"default","ocean_post_title":"","ocean_post_subheading":"","ocean_post_title_style":"","ocean_post_title_background_color":"","ocean_post_title_background":0,"ocean_post_title_bg_image_position":"","ocean_post_title_bg_image_attachment":"","ocean_post_title_bg_image_repeat":"","ocean_post_title_bg_image_size":"","ocean_post_title_height":0,"ocean_post_title_bg_overlay":0.5,"ocean_post_title_bg_overlay_color":"","ocean_disable_breadcrumbs":"default","ocean_breadcrumbs_color":"","ocean_breadcrumbs_separator_color":"","ocean_breadcrumbs_links_color":"","ocean_breadcrumbs_links_hover_color":"","ocean_display_footer_widgets":"default","ocean_display_footer_bottom":"default","ocean_custom_footer_template":"0"},"product_brand":[],"product_cat":[25],"product_tag":[],"class_list":{"0":"post-71916","1":"product","2":"type-product","3":"status-publish","4":"has-post-thumbnail","6":"product_cat-papel-de-parede","8":"entry","9":"has-media","11":"first","12":"instock","13":"shipping-taxable","14":"purchasable","15":"product-type-simple","16":"has-product-nav","17":"col","18":"span_1_of_4","19":"owp-content-center","20":"owp-thumbs-layout-horizontal","21":"owp-btn-big","22":"owp-tabs-layout-section","23":"has-no-thumbnails"},"yoast_head":"<!-- This site is optimized with the Yoast SEO plugin v27.5 - https:\/\/yoast.com\/product\/yoast-seo-wordpress\/ -->\n<title>Tecido Estampa Sorvetes coloridos - Fina Stampa Decor<\/title>\n<meta name=\"robots\" content=\"index, follow, max-snippet:-1, max-image-preview:large, max-video-preview:-1\" \/>\n<link rel=\"canonical\" href=\"https:\/\/finastampadecor.com.br\/loja\/produto\/tecido-estampa-sorvetes-coloridos\/\" \/>\n<meta property=\"og:locale\" content=\"pt_BR\" \/>\n<meta property=\"og:type\" content=\"article\" \/>\n<meta property=\"og:title\" content=\"Tecido Estampa Sorvetes coloridos - Fina Stampa Decor\" \/>\n<meta property=\"og:description\" content=\"Tecido estampa sorvetes coloridos. Cole\u00e7\u00e3o moderna e colorida estampas em\u00a0 patrulha canina, Marie, Snoop, toy story, wstar as, super wings, Barbie, moji, borboletas, princesas, Frozen, Minnie, Mickey, Batman, Homem aranha, Superman, sereias, bailarinas, cisnes, avi\u00f5es, bal\u00f5es, sorvetes, meninas, carros, pierrots, ursinhos, carneirinhos, cachorrinhos, barquinhos, carrinhos hot wheels, c\u00e9u, nuvem, listras e quadrados. Tecido estampa sorvetes [&hellip;]\" \/>\n<meta property=\"og:url\" content=\"https:\/\/finastampadecor.com.br\/loja\/produto\/tecido-estampa-sorvetes-coloridos\/\" \/>\n<meta property=\"og:site_name\" content=\"Fina Stampa Decor\" \/>\n<meta property=\"article:publisher\" content=\"https:\/\/www.facebook.com\/finastampadecoracao\/\" \/>\n<meta property=\"og:image\" content=\"https:\/\/finastampadecor.com.br\/loja\/wp-content\/uploads\/2021\/08\/187858-800-auto-e1628703000426.png?v=1628627947\" \/>\n\t<meta property=\"og:image:width\" content=\"786\" \/>\n\t<meta property=\"og:image:height\" content=\"948\" \/>\n\t<meta property=\"og:image:type\" content=\"image\/png\" \/>\n<meta name=\"twitter:card\" content=\"summary_large_image\" \/>\n<meta name=\"twitter:label1\" content=\"Est. tempo de leitura\" \/>\n\t<meta name=\"twitter:data1\" content=\"2 minutos\" \/>\n<script type=\"application\/ld+json\" class=\"yoast-schema-graph\">{\"@context\":\"https:\\\/\\\/schema.org\",\"@graph\":[{\"@type\":\"WebPage\",\"@id\":\"https:\\\/\\\/finastampadecor.com.br\\\/loja\\\/produto\\\/tecido-estampa-sorvetes-coloridos\\\/\",\"url\":\"https:\\\/\\\/finastampadecor.com.br\\\/loja\\\/produto\\\/tecido-estampa-sorvetes-coloridos\\\/\",\"name\":\"Tecido Estampa Sorvetes coloridos - Fina Stampa Decor\",\"isPartOf\":{\"@id\":\"https:\\\/\\\/finastampadecor.com.br\\\/loja\\\/#website\"},\"primaryImageOfPage\":{\"@id\":\"https:\\\/\\\/finastampadecor.com.br\\\/loja\\\/produto\\\/tecido-estampa-sorvetes-coloridos\\\/#primaryimage\"},\"image\":{\"@id\":\"https:\\\/\\\/finastampadecor.com.br\\\/loja\\\/produto\\\/tecido-estampa-sorvetes-coloridos\\\/#primaryimage\"},\"thumbnailUrl\":\"https:\\\/\\\/finastampadecor.com.br\\\/loja\\\/wp-content\\\/uploads\\\/2021\\\/08\\\/187858-800-auto-e1628703000426.png?v=1628627947\",\"datePublished\":\"2021-08-11T19:35:18+00:00\",\"breadcrumb\":{\"@id\":\"https:\\\/\\\/finastampadecor.com.br\\\/loja\\\/produto\\\/tecido-estampa-sorvetes-coloridos\\\/#breadcrumb\"},\"inLanguage\":\"pt-BR\",\"potentialAction\":[{\"@type\":\"ReadAction\",\"target\":[\"https:\\\/\\\/finastampadecor.com.br\\\/loja\\\/produto\\\/tecido-estampa-sorvetes-coloridos\\\/\"]}]},{\"@type\":\"ImageObject\",\"inLanguage\":\"pt-BR\",\"@id\":\"https:\\\/\\\/finastampadecor.com.br\\\/loja\\\/produto\\\/tecido-estampa-sorvetes-coloridos\\\/#primaryimage\",\"url\":\"https:\\\/\\\/finastampadecor.com.br\\\/loja\\\/wp-content\\\/uploads\\\/2021\\\/08\\\/187858-800-auto-e1628703000426.png?v=1628627947\",\"contentUrl\":\"https:\\\/\\\/finastampadecor.com.br\\\/loja\\\/wp-content\\\/uploads\\\/2021\\\/08\\\/187858-800-auto-e1628703000426.png?v=1628627947\",\"width\":786,\"height\":948,\"caption\":\"tecido estampa sorvetes coloridos\"},{\"@type\":\"BreadcrumbList\",\"@id\":\"https:\\\/\\\/finastampadecor.com.br\\\/loja\\\/produto\\\/tecido-estampa-sorvetes-coloridos\\\/#breadcrumb\",\"itemListElement\":[{\"@type\":\"ListItem\",\"position\":1,\"name\":\"In\u00edcio\",\"item\":\"https:\\\/\\\/finastampadecor.com.br\\\/loja\\\/\"},{\"@type\":\"ListItem\",\"position\":2,\"name\":\"Todos os produtos\",\"item\":\"https:\\\/\\\/finastampadecor.com.br\\\/loja\\\/todos-os-produtos\\\/\"},{\"@type\":\"ListItem\",\"position\":3,\"name\":\"Tecido Estampa Sorvetes coloridos\"}]},{\"@type\":\"WebSite\",\"@id\":\"https:\\\/\\\/finastampadecor.com.br\\\/loja\\\/#website\",\"url\":\"https:\\\/\\\/finastampadecor.com.br\\\/loja\\\/\",\"name\":\"Fina Stampa Decor\",\"description\":\"Loja Virtual\",\"publisher\":{\"@id\":\"https:\\\/\\\/finastampadecor.com.br\\\/loja\\\/#organization\"},\"potentialAction\":[{\"@type\":\"SearchAction\",\"target\":{\"@type\":\"EntryPoint\",\"urlTemplate\":\"https:\\\/\\\/finastampadecor.com.br\\\/loja\\\/?s={search_term_string}\"},\"query-input\":{\"@type\":\"PropertyValueSpecification\",\"valueRequired\":true,\"valueName\":\"search_term_string\"}}],\"inLanguage\":\"pt-BR\"},{\"@type\":\"Organization\",\"@id\":\"https:\\\/\\\/finastampadecor.com.br\\\/loja\\\/#organization\",\"name\":\"Fina Stampa Decor\",\"url\":\"https:\\\/\\\/finastampadecor.com.br\\\/loja\\\/\",\"logo\":{\"@type\":\"ImageObject\",\"inLanguage\":\"pt-BR\",\"@id\":\"https:\\\/\\\/finastampadecor.com.br\\\/loja\\\/#\\\/schema\\\/logo\\\/image\\\/\",\"url\":\"https:\\\/\\\/finastampadecor.com.br\\\/loja\\\/wp-content\\\/uploads\\\/2024\\\/08\\\/cropped-FinaStampa-1.png\",\"contentUrl\":\"https:\\\/\\\/finastampadecor.com.br\\\/loja\\\/wp-content\\\/uploads\\\/2024\\\/08\\\/cropped-FinaStampa-1.png\",\"width\":788,\"height\":216,\"caption\":\"Fina Stampa Decor\"},\"image\":{\"@id\":\"https:\\\/\\\/finastampadecor.com.br\\\/loja\\\/#\\\/schema\\\/logo\\\/image\\\/\"},\"sameAs\":[\"https:\\\/\\\/www.facebook.com\\\/finastampadecoracao\\\/\"]}]}<\/script>\n<!-- \/ Yoast SEO plugin. -->","yoast_head_json":{"title":"Tecido Estampa Sorvetes coloridos - Fina Stampa Decor","robots":{"index":"index","follow":"follow","max-snippet":"max-snippet:-1","max-image-preview":"max-image-preview:large","max-video-preview":"max-video-preview:-1"},"canonical":"https:\/\/finastampadecor.com.br\/loja\/produto\/tecido-estampa-sorvetes-coloridos\/","og_locale":"pt_BR","og_type":"article","og_title":"Tecido Estampa Sorvetes coloridos - Fina Stampa Decor","og_description":"Tecido estampa sorvetes coloridos. Cole\u00e7\u00e3o moderna e colorida estampas em\u00a0 patrulha canina, Marie, Snoop, toy story, wstar as, super wings, Barbie, moji, borboletas, princesas, Frozen, Minnie, Mickey, Batman, Homem aranha, Superman, sereias, bailarinas, cisnes, avi\u00f5es, bal\u00f5es, sorvetes, meninas, carros, pierrots, ursinhos, carneirinhos, cachorrinhos, barquinhos, carrinhos hot wheels, c\u00e9u, nuvem, listras e quadrados. Tecido estampa sorvetes [&hellip;]","og_url":"https:\/\/finastampadecor.com.br\/loja\/produto\/tecido-estampa-sorvetes-coloridos\/","og_site_name":"Fina Stampa Decor","article_publisher":"https:\/\/www.facebook.com\/finastampadecoracao\/","og_image":[{"width":786,"height":948,"url":"https:\/\/finastampadecor.com.br\/loja\/wp-content\/uploads\/2021\/08\/187858-800-auto-e1628703000426.png?v=1628627947","type":"image\/png"}],"twitter_card":"summary_large_image","twitter_misc":{"Est. tempo de leitura":"2 minutos"},"schema":{"@context":"https:\/\/schema.org","@graph":[{"@type":"WebPage","@id":"https:\/\/finastampadecor.com.br\/loja\/produto\/tecido-estampa-sorvetes-coloridos\/","url":"https:\/\/finastampadecor.com.br\/loja\/produto\/tecido-estampa-sorvetes-coloridos\/","name":"Tecido Estampa Sorvetes coloridos - Fina Stampa Decor","isPartOf":{"@id":"https:\/\/finastampadecor.com.br\/loja\/#website"},"primaryImageOfPage":{"@id":"https:\/\/finastampadecor.com.br\/loja\/produto\/tecido-estampa-sorvetes-coloridos\/#primaryimage"},"image":{"@id":"https:\/\/finastampadecor.com.br\/loja\/produto\/tecido-estampa-sorvetes-coloridos\/#primaryimage"},"thumbnailUrl":"https:\/\/finastampadecor.com.br\/loja\/wp-content\/uploads\/2021\/08\/187858-800-auto-e1628703000426.png?v=1628627947","datePublished":"2021-08-11T19:35:18+00:00","breadcrumb":{"@id":"https:\/\/finastampadecor.com.br\/loja\/produto\/tecido-estampa-sorvetes-coloridos\/#breadcrumb"},"inLanguage":"pt-BR","potentialAction":[{"@type":"ReadAction","target":["https:\/\/finastampadecor.com.br\/loja\/produto\/tecido-estampa-sorvetes-coloridos\/"]}]},{"@type":"ImageObject","inLanguage":"pt-BR","@id":"https:\/\/finastampadecor.com.br\/loja\/produto\/tecido-estampa-sorvetes-coloridos\/#primaryimage","url":"https:\/\/finastampadecor.com.br\/loja\/wp-content\/uploads\/2021\/08\/187858-800-auto-e1628703000426.png?v=1628627947","contentUrl":"https:\/\/finastampadecor.com.br\/loja\/wp-content\/uploads\/2021\/08\/187858-800-auto-e1628703000426.png?v=1628627947","width":786,"height":948,"caption":"tecido estampa sorvetes coloridos"},{"@type":"BreadcrumbList","@id":"https:\/\/finastampadecor.com.br\/loja\/produto\/tecido-estampa-sorvetes-coloridos\/#breadcrumb","itemListElement":[{"@type":"ListItem","position":1,"name":"In\u00edcio","item":"https:\/\/finastampadecor.com.br\/loja\/"},{"@type":"ListItem","position":2,"name":"Todos os produtos","item":"https:\/\/finastampadecor.com.br\/loja\/todos-os-produtos\/"},{"@type":"ListItem","position":3,"name":"Tecido Estampa Sorvetes coloridos"}]},{"@type":"WebSite","@id":"https:\/\/finastampadecor.com.br\/loja\/#website","url":"https:\/\/finastampadecor.com.br\/loja\/","name":"Fina Stampa Decor","description":"Loja Virtual","publisher":{"@id":"https:\/\/finastampadecor.com.br\/loja\/#organization"},"potentialAction":[{"@type":"SearchAction","target":{"@type":"EntryPoint","urlTemplate":"https:\/\/finastampadecor.com.br\/loja\/?s={search_term_string}"},"query-input":{"@type":"PropertyValueSpecification","valueRequired":true,"valueName":"search_term_string"}}],"inLanguage":"pt-BR"},{"@type":"Organization","@id":"https:\/\/finastampadecor.com.br\/loja\/#organization","name":"Fina Stampa Decor","url":"https:\/\/finastampadecor.com.br\/loja\/","logo":{"@type":"ImageObject","inLanguage":"pt-BR","@id":"https:\/\/finastampadecor.com.br\/loja\/#\/schema\/logo\/image\/","url":"https:\/\/finastampadecor.com.br\/loja\/wp-content\/uploads\/2024\/08\/cropped-FinaStampa-1.png","contentUrl":"https:\/\/finastampadecor.com.br\/loja\/wp-content\/uploads\/2024\/08\/cropped-FinaStampa-1.png","width":788,"height":216,"caption":"Fina Stampa Decor"},"image":{"@id":"https:\/\/finastampadecor.com.br\/loja\/#\/schema\/logo\/image\/"},"sameAs":["https:\/\/www.facebook.com\/finastampadecoracao\/"]}]}},"_links":{"self":[{"href":"https:\/\/finastampadecor.com.br\/loja\/wp-json\/wp\/v2\/product\/71916","targetHints":{"allow":["GET"]}}],"collection":[{"href":"https:\/\/finastampadecor.com.br\/loja\/wp-json\/wp\/v2\/product"}],"about":[{"href":"https:\/\/finastampadecor.com.br\/loja\/wp-json\/wp\/v2\/types\/product"}],"replies":[{"embeddable":true,"href":"https:\/\/finastampadecor.com.br\/loja\/wp-json\/wp\/v2\/comments?post=71916"}],"wp:featuredmedia":[{"embeddable":true,"href":"https:\/\/finastampadecor.com.br\/loja\/wp-json\/wp\/v2\/media\/71867"}],"wp:attachment":[{"href":"https:\/\/finastampadecor.com.br\/loja\/wp-json\/wp\/v2\/media?parent=71916"}],"wp:term":[{"taxonomy":"product_brand","embeddable":true,"href":"https:\/\/finastampadecor.com.br\/loja\/wp-json\/wp\/v2\/product_brand?post=71916"},{"taxonomy":"product_cat","embeddable":true,"href":"https:\/\/finastampadecor.com.br\/loja\/wp-json\/wp\/v2\/product_cat?post=71916"},{"taxonomy":"product_tag","embeddable":true,"href":"https:\/\/finastampadecor.com.br\/loja\/wp-json\/wp\/v2\/product_tag?post=71916"}],"curies":[{"name":"wp","href":"https:\/\/api.w.org\/{rel}","templated":true}]}}