{"id":83309,"date":"2023-06-13T11:16:47","date_gmt":"2023-06-13T14:16:47","guid":{"rendered":"https:\/\/finastampadecor.com.br\/loja\/?post_type=product&#038;p=83309"},"modified":"2025-12-18T08:36:00","modified_gmt":"2025-12-18T11:36:00","slug":"papel-de-parede-efeito-marmore","status":"publish","type":"product","link":"https:\/\/finastampadecor.com.br\/loja\/produto\/papel-de-parede-efeito-marmore\/","title":{"rendered":"Papel de Parede Efeito M\u00e1rmore"},"content":{"rendered":"<p><b>Papel de parede efeito m\u00e1rmore. Cole\u00e7\u00e3o\u00a0 bel\u00edssima por causa de seu designe elaborado em texturas leves, portanto permite combina\u00e7\u00f5es para todos os tipos de ambientes e estilos de decora\u00e7\u00e3o, al\u00e9m disso \u00e9 elegante e de toque \u00fanico de personalidade, ou seja em varias estampas todas em texturas, manchados, geom\u00e9tricos e marmorizados, cole\u00e7\u00e3o atual e moderna, em outras palavras s\u00e3o tend\u00eancias em decora\u00e7\u00e3o! Portanto \u00e9 indicado para todos\u00a0 os ambientes por causa do vin\u00edlico lav\u00e1vel e mais importante \u00e9 de f\u00e1cil manuten\u00e7\u00e3o. Papel de parede efeito m\u00e1rmore, contudo proporciona mais amplitude ao ambiente onde \u00e9 aplicado, certamente trazendo mais aconchego e beleza a sua decora\u00e7\u00e3o, al\u00e9m disso voc\u00ea renova seu ambiente num instante!\u00a0 Veja tamb\u00e9m em couro ecol\u00f3gico sint\u00e9tico como fazer varias composi\u00e7\u00f5es para papel de parede.\u00a0 Clique<\/b><a class=\"broken_link\" href=\"https:\/\/finastampadecor.com.br\/loja\/categoria-produto\/couro-ecologico-sintetico\/\">\u00a0AQUI<\/a><b>\u00a0e saiba mais!<\/b><\/p>\n<h5><strong>FICHA T\u00c9CNICA<\/strong><\/h5>\n<div id=\"tab_additional_tabbed_contents\" class=\"tab-content\">\n<table id=\"product-attribute-specs-table\" class=\"data-table\">\n<colgroup>\n<col width=\"25%\" \/>\n<col \/><\/colgroup>\n<tbody>\n<tr class=\"even\">\n<th class=\"label\">PRODUTO<\/th>\n<td class=\"data last\">Papel de parede \u2013 vendido por rolo fechado.<\/td>\n<\/tr>\n<tr class=\"odd\">\n<th class=\"label\">MEDIDAS<\/th>\n<td class=\"data last\">9,5 mts de comprimento x 0,53 cm de largura.<\/td>\n<\/tr>\n<tr class=\"even\">\n<th class=\"label\">MATERIAL<\/th>\n<td class=\"data last\">vin\u00edlico lav\u00e1vel.<\/td>\n<\/tr>\n<tr class=\"odd\">\n<th class=\"label\">ORIGEM<\/th>\n<td class=\"data last\">Nacional-Bobinex.<\/td>\n<\/tr>\n<tr class=\"even\">\n<th class=\"label\">COLE\u00c7\u00c3O<\/th>\n<td class=\"data last\">Texturas 2.<\/td>\n<\/tr>\n<tr class=\"odd\">\n<th class=\"label\">AMBIENTES<\/th>\n<td class=\"data last\">Livings, quartos, salas, lavabos, hall de entrada, lojas, consult\u00f3rios e escrit\u00f3rios.<\/td>\n<\/tr>\n<tr class=\"even\">\n<th class=\"label\">\u00a0TEMA<\/th>\n<td class=\"data last\">Efeito textura marmorizado.<\/td>\n<\/tr>\n<tr class=\"even\">\n<th class=\"label\">CORES<\/th>\n<td class=\"data last\">Bege acinzentado.<\/td>\n<\/tr>\n<tr class=\"odd\">\n<th class=\"label\">CALCULO DE ROLO DE PAPEL<\/th>\n<td class=\"data last\">Tire a medida da largura e altura da parede, ent\u00e3o multiplique a largura pela altura, porque assim vc ter\u00e1 o resultado de quantos m\u00b2 ira precisar, este rolo de papel cobre 5,00 M\u00b2 de parede, exemplo uma parede de 3,00 metros de largura x 2,60 de altura=7,80M\u00b2 pois nessa medida ir\u00e3o 2 rolos.<\/td>\n<\/tr>\n<tr class=\"even\">\n<th class=\"label\">ATEN\u00c7\u00c3O<\/th>\n<td class=\"data last\">Mas os tons das cores poder\u00e3o variar em at\u00e9 5%\u00a0 dentro da toler\u00e2ncia, ou seja para mais ou para menos por causa da luminosidade da tela do seu computador ou celular.<\/td>\n<\/tr>\n<tr class=\"odd\">\n<th class=\"label\">\u00a0BENEF\u00cdCIOS<\/th>\n<td class=\"data last\">Al\u00e9m disso aplica\u00e7\u00e3o e remo\u00e7\u00e3o f\u00e1cil\u00a0 n\u00e3o danifica a parede, o mais importante \u00e9 ante al\u00e9rgico e at\u00f3xico pois cola a base de \u00e1gua n\u00e3o deixa odores. Certamente por causa da sua praticidade renova e certamente traz beleza a sua decora\u00e7\u00e3o!<\/td>\n<\/tr>\n<tr class=\"last even\">\n<th class=\"label\">PRECAU\u00c7\u00d5ES<\/th>\n<td class=\"data last\">Para instala\u00e7\u00e3o contudo necessita de superf\u00edcie lisa, sem umidade, rachaduras ou poeira, guardar sempre a etiqueta com o n\u00famero de serie do c\u00f3digo do lote, por causa de reposi\u00e7\u00e3o ser\u00e1 \u00fatil, pois as cores variam de um lote para outro, no entanto necessita de cuidado durante a instala\u00e7\u00e3o, lembrar de casar as emendas para ficar um trabalho bem feito. Mais importante limpeza apenas com pano \u00famido quase seco. Por outro lado n\u00e3o nos responsabilizamos pelo produto fora das instru\u00e7\u00f5es de uso ou instala\u00e7\u00e3o, garantia somente por defeito de fabrica\u00e7\u00e3o.<\/td>\n<\/tr>\n<\/tbody>\n<\/table>\n<\/div>\n","protected":false},"excerpt":{"rendered":"<p>Papel de parede efeito m\u00e1rmore. Cole\u00e7\u00e3o\u00a0 bel\u00edssima por causa de seu designe elaborado em texturas leves, portanto permite combina\u00e7\u00f5es para todos os tipos de ambientes e estilos de decora\u00e7\u00e3o, al\u00e9m disso \u00e9 elegante e de toque \u00fanico de personalidade, ou seja em varias estampas todas em texturas, manchados, geom\u00e9tricos e marmorizados, cole\u00e7\u00e3o atual e moderna, [&hellip;]<\/p>\n","protected":false},"featured_media":83058,"comment_status":"closed","ping_status":"closed","template":"","meta":{"ocean_post_layout":"","ocean_both_sidebars_style":"","ocean_both_sidebars_content_width":0,"ocean_both_sidebars_sidebars_width":0,"ocean_sidebar":"0","ocean_second_sidebar":"0","ocean_disable_margins":"enable","ocean_add_body_class":"","ocean_shortcode_before_top_bar":"","ocean_shortcode_after_top_bar":"","ocean_shortcode_before_header":"","ocean_shortcode_after_header":"","ocean_has_shortcode":"","ocean_shortcode_after_title":"","ocean_shortcode_before_footer_widgets":"","ocean_shortcode_after_footer_widgets":"","ocean_shortcode_before_footer_bottom":"","ocean_shortcode_after_footer_bottom":"","ocean_display_top_bar":"default","ocean_display_header":"default","ocean_header_style":"","ocean_center_header_left_menu":"0","ocean_custom_header_template":"0","ocean_custom_logo":0,"ocean_custom_retina_logo":0,"ocean_custom_logo_max_width":0,"ocean_custom_logo_tablet_max_width":0,"ocean_custom_logo_mobile_max_width":0,"ocean_custom_logo_max_height":0,"ocean_custom_logo_tablet_max_height":0,"ocean_custom_logo_mobile_max_height":0,"ocean_header_custom_menu":"0","ocean_menu_typo_font_family":"0","ocean_menu_typo_font_subset":"","ocean_menu_typo_font_size":0,"ocean_menu_typo_font_size_tablet":0,"ocean_menu_typo_font_size_mobile":0,"ocean_menu_typo_font_size_unit":"px","ocean_menu_typo_font_weight":"","ocean_menu_typo_font_weight_tablet":"","ocean_menu_typo_font_weight_mobile":"","ocean_menu_typo_transform":"","ocean_menu_typo_transform_tablet":"","ocean_menu_typo_transform_mobile":"","ocean_menu_typo_line_height":0,"ocean_menu_typo_line_height_tablet":0,"ocean_menu_typo_line_height_mobile":0,"ocean_menu_typo_line_height_unit":"","ocean_menu_typo_spacing":0,"ocean_menu_typo_spacing_tablet":0,"ocean_menu_typo_spacing_mobile":0,"ocean_menu_typo_spacing_unit":"","ocean_menu_link_color":"","ocean_menu_link_color_hover":"","ocean_menu_link_color_active":"","ocean_menu_link_background":"","ocean_menu_link_hover_background":"","ocean_menu_link_active_background":"","ocean_menu_social_links_bg":"","ocean_menu_social_hover_links_bg":"","ocean_menu_social_links_color":"","ocean_menu_social_hover_links_color":"","ocean_disable_title":"default","ocean_disable_heading":"default","ocean_post_title":"","ocean_post_subheading":"","ocean_post_title_style":"","ocean_post_title_background_color":"","ocean_post_title_background":0,"ocean_post_title_bg_image_position":"","ocean_post_title_bg_image_attachment":"","ocean_post_title_bg_image_repeat":"","ocean_post_title_bg_image_size":"","ocean_post_title_height":0,"ocean_post_title_bg_overlay":0.5,"ocean_post_title_bg_overlay_color":"","ocean_disable_breadcrumbs":"default","ocean_breadcrumbs_color":"","ocean_breadcrumbs_separator_color":"","ocean_breadcrumbs_links_color":"","ocean_breadcrumbs_links_hover_color":"","ocean_display_footer_widgets":"default","ocean_display_footer_bottom":"default","ocean_custom_footer_template":"0"},"product_brand":[],"product_cat":[25,298],"product_tag":[],"class_list":{"0":"post-83309","1":"product","2":"type-product","3":"status-publish","4":"has-post-thumbnail","6":"product_cat-papel-de-parede","7":"product_cat-texturas-2","9":"entry","10":"has-media","12":"first","13":"instock","14":"shipping-taxable","15":"purchasable","16":"product-type-simple","17":"has-product-nav","18":"col","19":"span_1_of_3","20":"owp-content-center","21":"owp-thumbs-layout-horizontal","22":"owp-btn-big","23":"owp-tabs-layout-section"},"yoast_head":"<!-- This site is optimized with the Yoast SEO plugin v27.4 - https:\/\/yoast.com\/product\/yoast-seo-wordpress\/ -->\n<title>Papel de Parede Efeito M\u00e1rmore - Fina Stampa Decor<\/title>\n<meta name=\"description\" content=\"Papel de parede efeito m\u00e1rmore, cole\u00e7\u00e3o bel\u00edssima toda texturizada, em vinil\u00edco lav\u00e1vel, medidas 9,50mtsx0,53cm, mais beleza e conforto a sua decora\u00e7\u00e3o!\" \/>\n<meta name=\"robots\" content=\"index, follow, max-snippet:-1, max-image-preview:large, max-video-preview:-1\" \/>\n<link rel=\"canonical\" href=\"https:\/\/finastampadecor.com.br\/loja\/produto\/papel-de-parede-efeito-marmore\/\" \/>\n<meta property=\"og:locale\" content=\"pt_BR\" \/>\n<meta property=\"og:type\" content=\"article\" \/>\n<meta property=\"og:title\" content=\"Papel de Parede Efeito M\u00e1rmore - Fina Stampa Decor\" \/>\n<meta property=\"og:description\" content=\"Papel de parede efeito m\u00e1rmore, cole\u00e7\u00e3o bel\u00edssima toda texturizada, em vinil\u00edco lav\u00e1vel, medidas 9,50mtsx0,53cm, mais beleza e conforto a sua decora\u00e7\u00e3o!\" \/>\n<meta property=\"og:url\" content=\"https:\/\/finastampadecor.com.br\/loja\/produto\/papel-de-parede-efeito-marmore\/\" \/>\n<meta property=\"og:site_name\" content=\"Fina Stampa Decor\" \/>\n<meta property=\"article:publisher\" content=\"https:\/\/www.facebook.com\/finastampadecoracao\/\" \/>\n<meta property=\"article:modified_time\" content=\"2025-12-18T11:36:00+00:00\" \/>\n<meta property=\"og:image\" content=\"https:\/\/finastampadecor.com.br\/loja\/wp-content\/uploads\/2023\/06\/3957_Easy-Resize.com_.webp\" \/>\n\t<meta property=\"og:image:width\" content=\"1080\" \/>\n\t<meta property=\"og:image:height\" content=\"1080\" \/>\n\t<meta property=\"og:image:type\" content=\"image\/webp\" \/>\n<meta name=\"twitter:card\" content=\"summary_large_image\" \/>\n<meta name=\"twitter:label1\" content=\"Est. tempo de leitura\" \/>\n\t<meta name=\"twitter:data1\" content=\"3 minutos\" \/>\n<script type=\"application\/ld+json\" class=\"yoast-schema-graph\">{\"@context\":\"https:\\\/\\\/schema.org\",\"@graph\":[{\"@type\":\"WebPage\",\"@id\":\"https:\\\/\\\/finastampadecor.com.br\\\/loja\\\/produto\\\/papel-de-parede-efeito-marmore\\\/\",\"url\":\"https:\\\/\\\/finastampadecor.com.br\\\/loja\\\/produto\\\/papel-de-parede-efeito-marmore\\\/\",\"name\":\"Papel de Parede Efeito M\u00e1rmore - Fina Stampa Decor\",\"isPartOf\":{\"@id\":\"https:\\\/\\\/finastampadecor.com.br\\\/loja\\\/#website\"},\"primaryImageOfPage\":{\"@id\":\"https:\\\/\\\/finastampadecor.com.br\\\/loja\\\/produto\\\/papel-de-parede-efeito-marmore\\\/#primaryimage\"},\"image\":{\"@id\":\"https:\\\/\\\/finastampadecor.com.br\\\/loja\\\/produto\\\/papel-de-parede-efeito-marmore\\\/#primaryimage\"},\"thumbnailUrl\":\"https:\\\/\\\/finastampadecor.com.br\\\/loja\\\/wp-content\\\/uploads\\\/2023\\\/06\\\/3957_Easy-Resize.com_.webp\",\"datePublished\":\"2023-06-13T14:16:47+00:00\",\"dateModified\":\"2025-12-18T11:36:00+00:00\",\"description\":\"Papel de parede efeito m\u00e1rmore, cole\u00e7\u00e3o bel\u00edssima toda texturizada, em vinil\u00edco lav\u00e1vel, medidas 9,50mtsx0,53cm, mais beleza e conforto a sua decora\u00e7\u00e3o!\",\"breadcrumb\":{\"@id\":\"https:\\\/\\\/finastampadecor.com.br\\\/loja\\\/produto\\\/papel-de-parede-efeito-marmore\\\/#breadcrumb\"},\"inLanguage\":\"pt-BR\",\"potentialAction\":[{\"@type\":\"ReadAction\",\"target\":[\"https:\\\/\\\/finastampadecor.com.br\\\/loja\\\/produto\\\/papel-de-parede-efeito-marmore\\\/\"]}]},{\"@type\":\"ImageObject\",\"inLanguage\":\"pt-BR\",\"@id\":\"https:\\\/\\\/finastampadecor.com.br\\\/loja\\\/produto\\\/papel-de-parede-efeito-marmore\\\/#primaryimage\",\"url\":\"https:\\\/\\\/finastampadecor.com.br\\\/loja\\\/wp-content\\\/uploads\\\/2023\\\/06\\\/3957_Easy-Resize.com_.webp\",\"contentUrl\":\"https:\\\/\\\/finastampadecor.com.br\\\/loja\\\/wp-content\\\/uploads\\\/2023\\\/06\\\/3957_Easy-Resize.com_.webp\",\"width\":1080,\"height\":1080,\"caption\":\"papel de parede efeito m\u00e1rmore\"},{\"@type\":\"BreadcrumbList\",\"@id\":\"https:\\\/\\\/finastampadecor.com.br\\\/loja\\\/produto\\\/papel-de-parede-efeito-marmore\\\/#breadcrumb\",\"itemListElement\":[{\"@type\":\"ListItem\",\"position\":1,\"name\":\"In\u00edcio\",\"item\":\"https:\\\/\\\/finastampadecor.com.br\\\/loja\\\/\"},{\"@type\":\"ListItem\",\"position\":2,\"name\":\"Todos os produtos\",\"item\":\"https:\\\/\\\/finastampadecor.com.br\\\/loja\\\/todos-os-produtos\\\/\"},{\"@type\":\"ListItem\",\"position\":3,\"name\":\"Papel de Parede Efeito M\u00e1rmore\"}]},{\"@type\":\"WebSite\",\"@id\":\"https:\\\/\\\/finastampadecor.com.br\\\/loja\\\/#website\",\"url\":\"https:\\\/\\\/finastampadecor.com.br\\\/loja\\\/\",\"name\":\"Fina Stampa Decor\",\"description\":\"Loja Virtual\",\"publisher\":{\"@id\":\"https:\\\/\\\/finastampadecor.com.br\\\/loja\\\/#organization\"},\"potentialAction\":[{\"@type\":\"SearchAction\",\"target\":{\"@type\":\"EntryPoint\",\"urlTemplate\":\"https:\\\/\\\/finastampadecor.com.br\\\/loja\\\/?s={search_term_string}\"},\"query-input\":{\"@type\":\"PropertyValueSpecification\",\"valueRequired\":true,\"valueName\":\"search_term_string\"}}],\"inLanguage\":\"pt-BR\"},{\"@type\":\"Organization\",\"@id\":\"https:\\\/\\\/finastampadecor.com.br\\\/loja\\\/#organization\",\"name\":\"Fina Stampa Decor\",\"url\":\"https:\\\/\\\/finastampadecor.com.br\\\/loja\\\/\",\"logo\":{\"@type\":\"ImageObject\",\"inLanguage\":\"pt-BR\",\"@id\":\"https:\\\/\\\/finastampadecor.com.br\\\/loja\\\/#\\\/schema\\\/logo\\\/image\\\/\",\"url\":\"https:\\\/\\\/finastampadecor.com.br\\\/loja\\\/wp-content\\\/uploads\\\/2024\\\/08\\\/cropped-FinaStampa-1.png\",\"contentUrl\":\"https:\\\/\\\/finastampadecor.com.br\\\/loja\\\/wp-content\\\/uploads\\\/2024\\\/08\\\/cropped-FinaStampa-1.png\",\"width\":788,\"height\":216,\"caption\":\"Fina Stampa Decor\"},\"image\":{\"@id\":\"https:\\\/\\\/finastampadecor.com.br\\\/loja\\\/#\\\/schema\\\/logo\\\/image\\\/\"},\"sameAs\":[\"https:\\\/\\\/www.facebook.com\\\/finastampadecoracao\\\/\"]}]}<\/script>\n<!-- \/ Yoast SEO plugin. -->","yoast_head_json":{"title":"Papel de Parede Efeito M\u00e1rmore - Fina Stampa Decor","description":"Papel de parede efeito m\u00e1rmore, cole\u00e7\u00e3o bel\u00edssima toda texturizada, em vinil\u00edco lav\u00e1vel, medidas 9,50mtsx0,53cm, mais beleza e conforto a sua decora\u00e7\u00e3o!","robots":{"index":"index","follow":"follow","max-snippet":"max-snippet:-1","max-image-preview":"max-image-preview:large","max-video-preview":"max-video-preview:-1"},"canonical":"https:\/\/finastampadecor.com.br\/loja\/produto\/papel-de-parede-efeito-marmore\/","og_locale":"pt_BR","og_type":"article","og_title":"Papel de Parede Efeito M\u00e1rmore - Fina Stampa Decor","og_description":"Papel de parede efeito m\u00e1rmore, cole\u00e7\u00e3o bel\u00edssima toda texturizada, em vinil\u00edco lav\u00e1vel, medidas 9,50mtsx0,53cm, mais beleza e conforto a sua decora\u00e7\u00e3o!","og_url":"https:\/\/finastampadecor.com.br\/loja\/produto\/papel-de-parede-efeito-marmore\/","og_site_name":"Fina Stampa Decor","article_publisher":"https:\/\/www.facebook.com\/finastampadecoracao\/","article_modified_time":"2025-12-18T11:36:00+00:00","og_image":[{"width":1080,"height":1080,"url":"https:\/\/finastampadecor.com.br\/loja\/wp-content\/uploads\/2023\/06\/3957_Easy-Resize.com_.webp","type":"image\/webp"}],"twitter_card":"summary_large_image","twitter_misc":{"Est. tempo de leitura":"3 minutos"},"schema":{"@context":"https:\/\/schema.org","@graph":[{"@type":"WebPage","@id":"https:\/\/finastampadecor.com.br\/loja\/produto\/papel-de-parede-efeito-marmore\/","url":"https:\/\/finastampadecor.com.br\/loja\/produto\/papel-de-parede-efeito-marmore\/","name":"Papel de Parede Efeito M\u00e1rmore - Fina Stampa Decor","isPartOf":{"@id":"https:\/\/finastampadecor.com.br\/loja\/#website"},"primaryImageOfPage":{"@id":"https:\/\/finastampadecor.com.br\/loja\/produto\/papel-de-parede-efeito-marmore\/#primaryimage"},"image":{"@id":"https:\/\/finastampadecor.com.br\/loja\/produto\/papel-de-parede-efeito-marmore\/#primaryimage"},"thumbnailUrl":"https:\/\/finastampadecor.com.br\/loja\/wp-content\/uploads\/2023\/06\/3957_Easy-Resize.com_.webp","datePublished":"2023-06-13T14:16:47+00:00","dateModified":"2025-12-18T11:36:00+00:00","description":"Papel de parede efeito m\u00e1rmore, cole\u00e7\u00e3o bel\u00edssima toda texturizada, em vinil\u00edco lav\u00e1vel, medidas 9,50mtsx0,53cm, mais beleza e conforto a sua decora\u00e7\u00e3o!","breadcrumb":{"@id":"https:\/\/finastampadecor.com.br\/loja\/produto\/papel-de-parede-efeito-marmore\/#breadcrumb"},"inLanguage":"pt-BR","potentialAction":[{"@type":"ReadAction","target":["https:\/\/finastampadecor.com.br\/loja\/produto\/papel-de-parede-efeito-marmore\/"]}]},{"@type":"ImageObject","inLanguage":"pt-BR","@id":"https:\/\/finastampadecor.com.br\/loja\/produto\/papel-de-parede-efeito-marmore\/#primaryimage","url":"https:\/\/finastampadecor.com.br\/loja\/wp-content\/uploads\/2023\/06\/3957_Easy-Resize.com_.webp","contentUrl":"https:\/\/finastampadecor.com.br\/loja\/wp-content\/uploads\/2023\/06\/3957_Easy-Resize.com_.webp","width":1080,"height":1080,"caption":"papel de parede efeito m\u00e1rmore"},{"@type":"BreadcrumbList","@id":"https:\/\/finastampadecor.com.br\/loja\/produto\/papel-de-parede-efeito-marmore\/#breadcrumb","itemListElement":[{"@type":"ListItem","position":1,"name":"In\u00edcio","item":"https:\/\/finastampadecor.com.br\/loja\/"},{"@type":"ListItem","position":2,"name":"Todos os produtos","item":"https:\/\/finastampadecor.com.br\/loja\/todos-os-produtos\/"},{"@type":"ListItem","position":3,"name":"Papel de Parede Efeito M\u00e1rmore"}]},{"@type":"WebSite","@id":"https:\/\/finastampadecor.com.br\/loja\/#website","url":"https:\/\/finastampadecor.com.br\/loja\/","name":"Fina Stampa Decor","description":"Loja Virtual","publisher":{"@id":"https:\/\/finastampadecor.com.br\/loja\/#organization"},"potentialAction":[{"@type":"SearchAction","target":{"@type":"EntryPoint","urlTemplate":"https:\/\/finastampadecor.com.br\/loja\/?s={search_term_string}"},"query-input":{"@type":"PropertyValueSpecification","valueRequired":true,"valueName":"search_term_string"}}],"inLanguage":"pt-BR"},{"@type":"Organization","@id":"https:\/\/finastampadecor.com.br\/loja\/#organization","name":"Fina Stampa Decor","url":"https:\/\/finastampadecor.com.br\/loja\/","logo":{"@type":"ImageObject","inLanguage":"pt-BR","@id":"https:\/\/finastampadecor.com.br\/loja\/#\/schema\/logo\/image\/","url":"https:\/\/finastampadecor.com.br\/loja\/wp-content\/uploads\/2024\/08\/cropped-FinaStampa-1.png","contentUrl":"https:\/\/finastampadecor.com.br\/loja\/wp-content\/uploads\/2024\/08\/cropped-FinaStampa-1.png","width":788,"height":216,"caption":"Fina Stampa Decor"},"image":{"@id":"https:\/\/finastampadecor.com.br\/loja\/#\/schema\/logo\/image\/"},"sameAs":["https:\/\/www.facebook.com\/finastampadecoracao\/"]}]}},"_links":{"self":[{"href":"https:\/\/finastampadecor.com.br\/loja\/wp-json\/wp\/v2\/product\/83309","targetHints":{"allow":["GET"]}}],"collection":[{"href":"https:\/\/finastampadecor.com.br\/loja\/wp-json\/wp\/v2\/product"}],"about":[{"href":"https:\/\/finastampadecor.com.br\/loja\/wp-json\/wp\/v2\/types\/product"}],"replies":[{"embeddable":true,"href":"https:\/\/finastampadecor.com.br\/loja\/wp-json\/wp\/v2\/comments?post=83309"}],"wp:featuredmedia":[{"embeddable":true,"href":"https:\/\/finastampadecor.com.br\/loja\/wp-json\/wp\/v2\/media\/83058"}],"wp:attachment":[{"href":"https:\/\/finastampadecor.com.br\/loja\/wp-json\/wp\/v2\/media?parent=83309"}],"wp:term":[{"taxonomy":"product_brand","embeddable":true,"href":"https:\/\/finastampadecor.com.br\/loja\/wp-json\/wp\/v2\/product_brand?post=83309"},{"taxonomy":"product_cat","embeddable":true,"href":"https:\/\/finastampadecor.com.br\/loja\/wp-json\/wp\/v2\/product_cat?post=83309"},{"taxonomy":"product_tag","embeddable":true,"href":"https:\/\/finastampadecor.com.br\/loja\/wp-json\/wp\/v2\/product_tag?post=83309"}],"curies":[{"name":"wp","href":"https:\/\/api.w.org\/{rel}","templated":true}]}}